{"id":13668,"date":"2020-08-04T13:43:08","date_gmt":"2020-08-04T12:43:08","guid":{"rendered":"https:\/\/ezfactory.nl\/case-study-frieslandcampina\/"},"modified":"2025-04-02T12:12:58","modified_gmt":"2025-04-02T11:12:58","slug":"case-study-frieslandcampina","status":"publish","type":"page","link":"https:\/\/ezfactory.nl\/de\/case-study-frieslandcampina\/","title":{"rendered":"Case study FrieslandCampina"},"content":{"rendered":"<div class=\"wpb-content-wrapper\">[vc_row thb_full_width=&#8221;true&#8221; thb_row_padding=&#8221;true&#8221; thb_column_padding=&#8221;true&#8221; content_placement=&#8221;middle&#8221; css=&#8221;.vc_custom_1611657500812{padding-top: 15vh !important;padding-bottom: 15vh !important;background-image: url(https:\/\/ezfactory.nl\/wp-content\/uploads\/2020\/11\/RFC-Case-Study-1.jpg?id=6990) !important;background-position: center !important;background-repeat: no-repeat !important;background-size: cover !important;}&#8221; el_class=&#8221;portfolio-mast-head&#8221;][vc_column thb_color=&#8221;thb-light-column&#8221; el_class=&#8221;text-center&#8221;]\t<div id=\"thb-slidetype-69e8756a4d438\" class=\"thb-slidetype \" data-style=\"style1\">\n\t\t<p><strong><span style=\"font-size:50px;\">Jacob Douwe Egberts<\/span><\/strong><\/p>\t\t\t\t<style>\n\t\t\t#thb-slidetype-69e8756a4d438 .thb-slidetype-entry {\n\t\t\t\tcolor: #ffffff;\n\t\t\t}\n\t\t<\/style>\n\t\t\t<\/div>\n\n\t[vc_empty_space height=&#8221;48px&#8221;][vc_custom_heading text=&#8221;Die EZ-GO-Plattform gibt der Autonomen<br \/>\nWartung bei FrieslandCampina Auftrieb&#8221; font_container=&#8221;tag:h1|font_size:40|text_align:center|color:%23FFFFFF&#8221; google_fonts=&#8221;font_family:Open%20Sans%3A300%2C300italic%2Cregular%2Citalic%2C600%2C600italic%2C700%2C700italic%2C800%2C800italic|font_style:800%20bold%20regular%3A800%3Anormal&#8221; css=&#8221;&#8221;][vc_empty_space height=&#8221;48px&#8221;]\t<a id=\"thb-button-69e8756a4d5eb\" class=\"btn style1 large  white pill-radius animation bottom-to-top   arrow-enabled\" href=\"https:\/\/ezfactory.nl\/de\/demo-ez-go\/\" target=\"_blank\" role=\"button\">\n\t\t\t\t\t<span>Demo-Anfrage<\/span>\n\t<svg xmlns=\"http:\/\/www.w3.org\/2000\/svg\" xmlns:xlink=\"http:\/\/www.w3.org\/1999\/xlink\" x=\"0px\" y=\"0px\"\r\n\t width=\"30px\" height=\"18px\" viewBox=\"0 0 30 18\" enable-background=\"new 0 0 30 18\" xml:space=\"preserve\">\r\n<path class=\"handle\" d=\"M20.305,16.212c-0.407,0.409-0.407,1.071,0,1.479s1.068,0.408,1.476,0l7.914-7.952c0.408-0.409,0.408-1.071,0-1.481\r\n\tl-7.914-7.952c-0.407-0.409-1.068-0.409-1.476,0s-0.407,1.071,0,1.48l7.185,7.221L20.305,16.212z\"\/>\r\n<path class=\"bar\" fill-rule=\"evenodd\" clip-rule=\"evenodd\" d=\"M1,8h28.001c0.551,0,1,0.448,1,1c0,0.553-0.449,1-1,1H1c-0.553,0-1-0.447-1-1\r\n\tC0,8.448,0.447,8,1,8z\"\/>\r\n<\/svg>\r\n\t\t<\/a>\n\t\t[\/vc_column][\/vc_row][vc_row el_class=&#8221;align-center&#8221; css=&#8221;.vc_custom_1604050977072{padding-top: 10vh !important;padding-bottom: 2vh !important;}&#8221;][vc_column offset=&#8221;vc_col-lg-7 vc_col-md-9&#8243;][vc_column_text]<strong>FrieslandCampina arbeitet seit 2018 mit der EZ-GO-App und verbessert damit die Sicherheit, Qualit\u00e4t und Effizienz in seinen Produktionsst\u00e4tten. Einer der wichtigsten Punkte, f\u00fcr den FrieslandCampina die App nutzt, ist die autonome Wartung. Dabei handelt es sich um eine Methode zur kontinuierlichen Optimierung der Arbeitsumgebung und Maschinen, der Schaffung von mehr Eigenverantwortung bei den Operators und Teamleitern sowie zur Sicherung der Standards in der Fabrik. In vielen F\u00e4llen l\u00e4uft die Einf\u00fchrung der EZ-GO-App parallel zur Umsetzung der Autonomen Wartung (AW), die somit schneller und effektiver eingerichtet werden kann und mehr Ergebnisse liefert. <\/strong>[\/vc_column_text]\t<div id=\"thb-slidetype-69e8756a4d786\" class=\"thb-slidetype \" data-style=\"style1\">\n\t\t\n<h6><span class=\"thb-slidetype-entry\"><span class=\"lines\">VORTEILEN<\/span><\/span><\/h6>\n\t\t\t\t<style>\n\t\t\t#thb-slidetype-69e8756a4d786 .thb-slidetype-entry {\n\t\t\t\tcolor: #99bc48;\n\t\t\t}\n\t\t<\/style>\n\t\t\t<\/div>\n\n\t[vc_empty_space height=&#8221;20px&#8221;]\t<div id=\"thb-slidetype-69e8756a4d7c6\" class=\"thb-slidetype \" data-style=\"style1\">\n\t\t\n<h2><span class=\"thb-slidetype-entry\"><span class=\"lines\">Kein Papier mehr an der Produktionslinie<\/span><\/span><\/h2>\n\t\t\t<\/div>\n\n\t[vc_empty_space height=&#8221;10px&#8221;][vc_column_text animation=&#8221;animation bottom-to-top&#8221;]Einer der wichtigsten Gr\u00fcnde zur Einf\u00fchrung der EZ-GO-App f\u00fcr FrieslandCampina war, dass sie eine Alternative zu den Checklisten, AW-Aufgaben, Arbeitsanweisungen und Auditformularen in Papierform bietet, die noch vielerorts verwendet wurden. Die \u00dcbertragung der Daten auf die App erfolgt durch die direkten Beteiligten wie z. B. Operators und Teamleiter. Betriebsleiter in Leeuwarden, Challako van Gerrevink: \u201eDas Einf\u00fchren der App war benutzerfreundlich. Wir hatten einen Tisch mit Verfahren und Anweisungen auf Papier. Innerhalb von zwei Tagen haben wir sie alle in die EZ-GO-App eingegeben.\u201c<\/p>\n<p>Bald entdeckte das Unternehmen weitere Vorteile, darunter die visuelle Gestaltung der App mit Fotos und Videos. Jacob Scheffer, der in Leeuwarden als CI-Specialist t\u00e4tig ist: Papier ist vielseitig interpretierbar; mit einem Bild oder einem Video ist der Standard f\u00fcr jeden klar. Da muss nicht dr\u00fcber diskutiert werden.\u201c Auch die Einarbeitung neuer Mitarbeiter oder von Aushilfskr\u00e4ften wird dadurch erleichtert: Ein Durchgang gen\u00fcgt, und schon kann ein Mitarbeiter selbst\u00e4ndig mit der App arbeiten.[\/vc_column_text][\/vc_column][\/vc_row][vc_row css=&#8221;.vc_custom_1604050874009{padding-top: 2vh !important;}&#8221;][vc_column css=&#8221;.vc_custom_1516718092422{padding-right: 5% !important;padding-left: 5% !important;}&#8221;][vc_single_image image=&#8221;6368&#8243; img_size=&#8221;large&#8221; alignment=&#8221;center&#8221;][\/vc_column][\/vc_row][vc_row el_class=&#8221;align-center&#8221; css=&#8221;.vc_custom_1604050780683{padding-top: 2vh !important;padding-bottom: 1vh !important;}&#8221;][vc_column offset=&#8221;vc_col-lg-7 vc_col-md-9&#8243;]\t<div id=\"thb-slidetype-69e8756a4d7f5\" class=\"thb-slidetype \" data-style=\"style1\">\n\t\t\n<h6><span class=\"thb-slidetype-entry\"><span class=\"lines\">AUTONOME WARTUNG<\/span><\/span><\/h6>\n\t\t\t\t<style>\n\t\t\t#thb-slidetype-69e8756a4d7f5 .thb-slidetype-entry {\n\t\t\t\tcolor: #99bc48;\n\t\t\t}\n\t\t<\/style>\n\t\t\t<\/div>\n\n\t[vc_empty_space height=&#8221;20px&#8221;]\t<div id=\"thb-slidetype-69e8756a4d824\" class=\"thb-slidetype \" data-style=\"style1\">\n\t\t\n<h2><span class=\"thb-slidetype-entry\"><span class=\"lines\">\u201eLassen Sie den AW-Prozess parallel zur App laufen\u201c.<\/span><\/span><\/h2>\n\t\t\t<\/div>\n\n\t[vc_empty_space height=&#8221;10px&#8221;][vc_column_text animation=&#8221;animation bottom-to-top&#8221;]In vielen F\u00e4llen l\u00e4uft die Einf\u00fchrung parallel zu einem AW-Projekt, auch in Lochem, sagt CI-Projekt-Manager Hidde Essers: \u201eReinigung, Inspektion und andere wiederkehrende Aufgaben werden jetzt \u00fcber die App erledigt. Die Maschinen sind in einem guten Allgemeinzustand und die Inspektionen sorgen daf\u00fcr, dass das auch so bleibt. Das wirkt sich auch positiv auf die betriebliche Effizienz aus.\u201c<\/p>\n<p>Er r\u00e4t auch anderen, den Link mit der autonomen Wartung f\u00fcr Funktionsaufgaben in der EZ-GO-App herzustellen. \u201eWenn Sie bereits \u00fcber gute Verfahren verf\u00fcgen, k\u00f6nnen Sie diese einfach auf die App \u00fcbertragen. Falls Sie diese noch nicht haben, ist es ratsam, den AW-Prozess parallel zur Einf\u00fchrung der App laufen zu lassen. Fangen Sie vor allem nicht damit an, alles in Papierform oder mit T-Cards abzuarbeiten, sondern geben Sie alles direkt in die EZ-GO-App ein.\u201c[\/vc_column_text][\/vc_column][\/vc_row][vc_row el_class=&#8221;align-center&#8221; css=&#8221;.vc_custom_1596548882655{padding-top: 50px !important;padding-bottom: 50px !important;}&#8221;][vc_column animation=&#8221;animation bottom-to-top&#8221; offset=&#8221;vc_col-lg-8 vc_col-md-10&#8243;]\t<div id=\"thb-image-69e8756a4d86b\" class=\"caption-style1  aligncenter   thb_image_link wp-caption \">\n\t\t\t<div class=\"thb-image-inner size_100\">\n\t\t\t\t\t\t\t\t<\/div>\n\t\t\t\t\t<\/div>\n\t[vc_empty_space height=&#8221;20px&#8221;]\t<div id=\"thb-testimonials-69e8756a4ec84\" class=\"thb-testimonials thb-testimonial-style2 thb-carousel style2   \" data-columns=\"1\" data-pagination=\"\" data-navigation=\"false\"\n\t\t\t\t\t\t data-autoplay=\"\" data-autoplay-speed=\"4000\" data-fade=\"true\" data-adaptive=\"false\">\n\t\t\t<div class=\"small-12  columns\">\n\t\t\t\t\t\t\t<div class=\"thb-testimonial \">\n\t\t\t\t\t\t\t\t\t\t\t\t\t\t\t\t\t\t\t\t\t\t\t\t<blockquote><p>\u201cDie EZ-GO-App erm\u00f6glicht Verbesserungen. Ich kann nur sagen: Mach, mach, mach!\u201c<\/p>\n<\/blockquote>\n\t\t\t\t\t\t\t\t\t\t\t\t\t\t\t\t\t\t\t\t<div class=\"testimonial-author\">\n\t\t\t\t\t\t\t\t\t\t\t\t\t\t\t\t\t<cite>Jacqueline Kerstma<\/cite>\n\t\t\t\t\t\t\t\t\t\t\t\t\t\t\t\t<span class=\"title\">CI-Manager FrieslandCampina Wolvega<\/span>\n\t\t\t\t\t\t\t<\/div>\n\t\t\t\t\t\t\t\t\t\t\t<\/div>\n\t\t\t<\/div>\n\n\t\t<\/div>\n\t[\/vc_column][\/vc_row][vc_row el_class=&#8221;align-center&#8221; css=&#8221;.vc_custom_1604050692750{padding-top: 2vh !important;padding-bottom: 1vh !important;}&#8221;][vc_column offset=&#8221;vc_col-lg-7 vc_col-md-9&#8243;]\t<div id=\"thb-slidetype-69e8756a4ed72\" class=\"thb-slidetype \" data-style=\"style1\">\n\t\t\n<h6><span class=\"thb-slidetype-entry\"><span class=\"lines\">L\u00d6SUNGEN<\/span><\/span><\/h6>\n\t\t\t\t<style>\n\t\t\t#thb-slidetype-69e8756a4ed72 .thb-slidetype-entry {\n\t\t\t\tcolor: #99bc48;\n\t\t\t}\n\t\t<\/style>\n\t\t\t<\/div>\n\n\t[vc_empty_space height=&#8221;20px&#8221;]\t<div id=\"thb-slidetype-69e8756a4eda9\" class=\"thb-slidetype \" data-style=\"style1\">\n\t\t\n<h2><span class=\"thb-slidetype-entry\"><span class=\"lines\">Operators und Mechaniker st\u00e4rken sich gegenseitig<\/span><\/span><\/h2>\n\t\t\t<\/div>\n\n\t[vc_empty_space height=&#8221;10px&#8221;][vc_column_text animation=&#8221;animation bottom-to-top&#8221;]Operators k\u00f6nnen in der App auch \u201eMa\u00dfnahmen&#8221; erstellen, z. B. Optimierungsvorschl\u00e4ge f\u00fcr den Kontrollprozess oder m\u00f6gliche Probleme in der Produktion. Hidde Essers: \u201eTechniker arbeiten enger mit den Operators zusammen und haben ihnen verschiedene Wartungsaufgaben \u00fcbertragen, so dass sie mehr strukturelle Wartungsarbeiten selbst durchf\u00fchren k\u00f6nnen. Es besteht mehr Kontakt und Vertrauen, und Operators sowie technische Dienste arbeiten zusammen, um L\u00f6sungen zu finden, bevor Probleme auftreten. Die App erleichtert das.\u201c[\/vc_column_text][\/vc_column][\/vc_row][vc_row el_class=&#8221;align-center&#8221; css=&#8221;.vc_custom_1604050672289{padding-top: 2vh !important;padding-bottom: 1vh !important;}&#8221;][vc_column offset=&#8221;vc_col-lg-7 vc_col-md-9&#8243;]\t<div id=\"thb-slidetype-69e8756a4edd3\" class=\"thb-slidetype \" data-style=\"style1\">\n\t\t\n<h6><span class=\"thb-slidetype-entry\"><span class=\"lines\">KONTINUIERLICH VERBESSERN<\/span><\/span><\/h6>\n\t\t\t\t<style>\n\t\t\t#thb-slidetype-69e8756a4edd3 .thb-slidetype-entry {\n\t\t\t\tcolor: #99bc48;\n\t\t\t}\n\t\t<\/style>\n\t\t\t<\/div>\n\n\t[vc_empty_space height=&#8221;20px&#8221;]\t<div id=\"thb-slidetype-69e8756a4ee25\" class=\"thb-slidetype \" data-style=\"style1\">\n\t\t\n<h2><span class=\"thb-slidetype-entry\"><span class=\"lines\">Berichte und Optimierungsvorschl\u00e4ge<\/span><\/span><\/h2>\n\t\t\t<\/div>\n\n\t[vc_empty_space height=&#8221;10px&#8221;][vc_column_text animation=&#8221;animation bottom-to-top&#8221;]Die digitale Anwendung generiert \u00dcbersichten und Berichte, die in Teamsitzungen besprochen werden k\u00f6nnen. Wertvoll, meint CI-Specialist Scheffer: \u201eAus den Statistiken ist ersichtlich, welche Punkte Aufmerksamkeit oder Anpassung erfordern, und das besprechen wir in unserer Beratung mit den Operators. Auf diese Weise optimieren wir kontinuierlich unsere Effizienz.\u201c[\/vc_column_text][\/vc_column][\/vc_row][vc_row el_class=&#8221;align-center&#8221; css=&#8221;.vc_custom_1604051221272{padding-bottom: 2vh !important;}&#8221;][vc_column offset=&#8221;vc_col-lg-7 vc_col-md-9&#8243;]\t<div id=\"thb-video-lightbox-69e8756a4ee62\" class=\"thb-video-lightbox lightbox-style2  thb-video-lightbox-icon-style-style3  large \">\n\t\t<a href=\"https:\/\/vimeo.com\/348818488\" class=\"thb-video-link mfp-video\"><\/a>\n\t\t<img loading=\"lazy\" decoding=\"async\" width=\"750\" height=\"539\" src=\"https:\/\/i0.wp.com\/ezfactory.nl\/wp-content\/uploads\/2020\/10\/RFC-Case-Study-1.jpg?fit=750%2C539&amp;ssl=1\" class=\"attachment-full\" alt=\"koe en kind met glas melk\" title=\"RFC Case Study 1\" \/>\t\t<svg version=\"1.1\" class=\"thb-play-02\" xmlns=\"http:\/\/www.w3.org\/2000\/svg\" xmlns:xlink=\"http:\/\/www.w3.org\/1999\/xlink\" x=\"0px\" y=\"0px\" width=\"80px\" height=\"80px\" viewBox=\"0 0 80 80\" enable-background=\"new 0 0 80 80\" xml:space=\"preserve\">\n\t<path d=\"M34.833,51.753c-0.357,0-0.715-0.091-1.037-0.274c-0.659-0.374-1.066-1.073-1.066-1.831V28.192\n\t\tc0-0.758,0.407-1.458,1.066-1.832c0.659-0.373,1.469-0.362,2.119,0.027l17.883,10.729c0.633,0.379,1.021,1.064,1.021,1.803\n\t\ts-0.389,1.423-1.021,1.803L35.915,51.451C35.582,51.653,35.207,51.753,34.833,51.753z M36.937,31.907v14.027l11.69-7.014\n\t\tL36.937,31.907z\"><\/path>\n\t<circle class=\"circle1\" cx=\"40\" cy=\"40\" r=\"38\"><\/circle>\n\t<circle class=\"circle1 circle2\" cx=\"40\" cy=\"40\" r=\"38\"><\/circle>\n<\/svg>\t\t\t\t<style>\n\t\t\t\t\t\t\t#thb-video-lightbox-69e8756a4ee62 svg {\n\t\t\t\t\tfill: #f7f7f7;\n\t\t\t\t}\n\t\t\t\t#thb-video-lightbox-69e8756a4ee62 svg.thb-play-02 .circle1 {\n\t\t\t\t\tstroke: #f7f7f7;\n\t\t\t\t}\n\t\t\t\t#thb-video-lightbox-69e8756a4ee62.thb-video-lightbox-icon-style-style4 .thb-video-text {\n\t\t\t\t\tcolor: #f7f7f7;\n\t\t\t\t}\n\t\t\t\t\t\t\t\t\t<\/style>\n\t<\/div>\n\t[\/vc_column][\/vc_row][vc_row el_class=&#8221;align-center&#8221; css=&#8221;.vc_custom_1604051002066{padding-top: 5vh !important;padding-bottom: 1vh !important;}&#8221;][vc_column offset=&#8221;vc_col-lg-7 vc_col-md-9&#8243;]\t<div id=\"thb-slidetype-69e8756a50c9e\" class=\"thb-slidetype \" data-style=\"style1\">\n\t\t\n<h6><span class=\"thb-slidetype-entry\"><span class=\"lines\">IMPLEMENTIERUNG<\/span><\/span><\/h6>\n\t\t\t\t<style>\n\t\t\t#thb-slidetype-69e8756a50c9e .thb-slidetype-entry {\n\t\t\t\tcolor: #99bc48;\n\t\t\t}\n\t\t<\/style>\n\t\t\t<\/div>\n\n\t[vc_empty_space height=&#8221;20px&#8221;]\t<div id=\"thb-slidetype-69e8756a50cfe\" class=\"thb-slidetype \" data-style=\"style1\">\n\t\t\n<h2><span class=\"thb-slidetype-entry\"><span class=\"lines\">Schnell ausrollen<\/span><\/span><\/h2>\n\t\t\t<\/div>\n\n\t[vc_empty_space height=&#8221;10px&#8221;][vc_column_text animation=&#8221;animation bottom-to-top&#8221;]Ob es sich lohnt, haben wir schlie\u00dflich CI-Managerin Jacqueline Kerstma von Wolvega gefragt. Sie ist sich dar\u00fcber im Klaren: \u201eEs ist sehr logisch und sichtbar, dass die App viel liefert. Wir haben den \u00dcberblick, wir k\u00f6nnen steuern, wir verbessern den Prozess, die Sicherheit, die Qualit\u00e4t und die Effizienz. Die EZ-GO-App erm\u00f6glicht Verbesserungen. Ich kann nur sagen: Mach, mach, mach![\/vc_column_text][\/vc_column][\/vc_row][vc_row thb_full_width=&#8221;true&#8221; thb_row_padding=&#8221;true&#8221; thb_column_padding=&#8221;true&#8221; css=&#8221;.vc_custom_1596794108971{margin-top: 50px !important;padding-top: 8vh !important;padding-bottom: 8vh !important;background-image: url(https:\/\/ezfactory.nl\/wp-content\/uploads\/2020\/08\/5008.jpg?id=4573) !important;background-position: center !important;background-repeat: no-repeat !important;background-size: cover !important;}&#8221;][vc_column][vc_row_inner el_class=&#8221;align-center&#8221;][vc_column_inner thb_color=&#8221;thb-light-column&#8221; el_class=&#8221;text-center&#8221; offset=&#8221;vc_col-lg-7 vc_col-md-10&#8243;][vc_empty_space height=&#8221;40px&#8221;]\t<div id=\"thb-slidetype-69e8756a50db1\" class=\"thb-slidetype \" data-style=\"style1\">\n\t\t\n<h2><span class=\"thb-slidetype-entry\"><span class=\"lines\">Bereit zur Verbesserung von<em> Sicherheit, Qualit\u00e4t und Effizienz<\/em> in your factory?<\/span><\/span><\/h2>\n\t\t\t<\/div>\n\n\t[vc_empty_space]\t<a id=\"thb-button-69e8756a50e2b\" class=\"btn style2 large  white pill-radius    \" href=\"https:\/\/ezfactory.nl\/de\/demo-ez-go\/\" target=\"_blank\" role=\"button\">\n\t\t\t\t\t<span>Jetzt anfangen!<\/span>\n\t\t\t<\/a>\n\t\t[\/vc_column_inner][\/vc_row_inner][\/vc_column][\/vc_row]\n<\/div>","protected":false},"excerpt":{"rendered":"<p>[vc_row thb_full_width=&#8221;true&#8221; thb_row_padding=&#8221;true&#8221; thb_column_padding=&#8221;true&#8221; content_placement=&#8221;middle&#8221; css=&#8221;.vc_custom_1611657500812{padding-top: 15vh !important;padding-bottom: 15vh !important;background-image: url(https:\/\/ezfactory.nl\/wp-content\/uploads\/2020\/11\/RFC-Case-Study-1.jpg?id=6990) !important;background-position: center !important;background-repeat: no-repeat !important;background-size: cover !important;}&#8221; el_class=&#8221;portfolio-mast-head&#8221;][vc_column thb_color=&#8221;thb-light-column&#8221; el_class=&#8221;text-center&#8221;][vc_empty_space height=&#8221;48px&#8221;][vc_custom_heading text=&#8221;Die EZ-GO-Plattform gibt der Autonomen Wartung bei FrieslandCampina Auftrieb&#8221; font_container=&#8221;tag:h1|font_size:40|text_align:center|color:%23FFFFFF&#8221; google_fonts=&#8221;font_family:Open%20Sans%3A300%2C300italic%2Cregular%2Citalic%2C600%2C600italic%2C700%2C700italic%2C800%2C800italic|font_style:800%20bold%20regular%3A800%3Anormal&#8221; css=&#8221;&#8221;][vc_empty_space height=&#8221;48px&#8221;][\/vc_column][\/vc_row][vc_row el_class=&#8221;align-center&#8221; css=&#8221;.vc_custom_1604050977072{padding-top: 10vh !important;padding-bottom: 2vh !important;}&#8221;][vc_column offset=&#8221;vc_col-lg-7 vc_col-md-9&#8243;][vc_column_text]FrieslandCampina arbeitet seit 2018 mit der EZ-GO-App und verbessert damit die Sicherheit, Qualit\u00e4t&hellip;<\/p>\n","protected":false},"author":19,"featured_media":0,"parent":0,"menu_order":0,"comment_status":"closed","ping_status":"closed","template":"","meta":{"footnotes":""},"class_list":["post-13668","page","type-page","status-publish","hentry"],"yoast_head":"<!-- This site is optimized with the Yoast SEO plugin v27.4 - https:\/\/yoast.com\/product\/yoast-seo-wordpress\/ -->\n<title>EZ-GO gibt AutonomenWartung bei FrieslandCampina Auftrieb<\/title>\n<meta name=\"description\" content=\"FrieslandCampina verbessert mit der EZ-GO-Plattform die Sicherheit, Qualit\u00e4t und Effizienz an ihren Produktionsstandorten. Lesen Sie hier.\" \/>\n<meta name=\"robots\" content=\"index, follow, max-snippet:-1, max-image-preview:large, max-video-preview:-1\" \/>\n<link rel=\"canonical\" href=\"https:\/\/ezfactory.nl\/de\/case-study-frieslandcampina\/\" \/>\n<meta property=\"og:locale\" content=\"de_DE\" \/>\n<meta property=\"og:type\" content=\"article\" \/>\n<meta property=\"og:title\" content=\"EZ-GO gibt AutonomenWartung bei FrieslandCampina Auftrieb\" \/>\n<meta property=\"og:description\" content=\"FrieslandCampina verbessert mit der EZ-GO-Plattform die Sicherheit, Qualit\u00e4t und Effizienz an ihren Produktionsstandorten. Lesen Sie hier.\" \/>\n<meta property=\"og:url\" content=\"https:\/\/ezfactory.nl\/de\/case-study-frieslandcampina\/\" \/>\n<meta property=\"og:site_name\" content=\"EZ Factory\" \/>\n<meta property=\"article:publisher\" content=\"https:\/\/www.facebook.com\/EZFactory\/\" \/>\n<meta property=\"article:modified_time\" content=\"2025-04-02T11:12:58+00:00\" \/>\n<meta name=\"twitter:card\" content=\"summary_large_image\" \/>\n<meta name=\"twitter:site\" content=\"@ezfactorynl\" \/>\n<meta name=\"twitter:label1\" content=\"Gesch\u00e4tzte Lesezeit\" \/>\n\t<meta name=\"twitter:data1\" content=\"4 minutes\" \/>\n<script type=\"application\/ld+json\" class=\"yoast-schema-graph\">{\"@context\":\"https:\\\/\\\/schema.org\",\"@graph\":[{\"@type\":\"WebPage\",\"@id\":\"https:\\\/\\\/ezfactory.nl\\\/de\\\/case-study-frieslandcampina\\\/\",\"url\":\"https:\\\/\\\/ezfactory.nl\\\/de\\\/case-study-frieslandcampina\\\/\",\"name\":\"EZ-GO gibt AutonomenWartung bei FrieslandCampina Auftrieb\",\"isPartOf\":{\"@id\":\"https:\\\/\\\/ezfactory.nl\\\/de\\\/#website\"},\"datePublished\":\"2020-08-04T12:43:08+00:00\",\"dateModified\":\"2025-04-02T11:12:58+00:00\",\"description\":\"FrieslandCampina verbessert mit der EZ-GO-Plattform die Sicherheit, Qualit\u00e4t und Effizienz an ihren Produktionsstandorten. Lesen Sie hier.\",\"breadcrumb\":{\"@id\":\"https:\\\/\\\/ezfactory.nl\\\/de\\\/case-study-frieslandcampina\\\/#breadcrumb\"},\"inLanguage\":\"de-DE\",\"potentialAction\":[{\"@type\":\"ReadAction\",\"target\":[\"https:\\\/\\\/ezfactory.nl\\\/de\\\/case-study-frieslandcampina\\\/\"]}]},{\"@type\":\"BreadcrumbList\",\"@id\":\"https:\\\/\\\/ezfactory.nl\\\/de\\\/case-study-frieslandcampina\\\/#breadcrumb\",\"itemListElement\":[{\"@type\":\"ListItem\",\"position\":1,\"name\":\"Home\",\"item\":\"https:\\\/\\\/ezfactory.nl\\\/de\\\/\"},{\"@type\":\"ListItem\",\"position\":2,\"name\":\"Case study FrieslandCampina\"}]},{\"@type\":\"WebSite\",\"@id\":\"https:\\\/\\\/ezfactory.nl\\\/de\\\/#website\",\"url\":\"https:\\\/\\\/ezfactory.nl\\\/de\\\/\",\"name\":\"Easy Factory\",\"description\":\"Digital checklists, tasks, audits &amp; work instructions\",\"publisher\":{\"@id\":\"https:\\\/\\\/ezfactory.nl\\\/de\\\/#organization\"},\"potentialAction\":[{\"@type\":\"SearchAction\",\"target\":{\"@type\":\"EntryPoint\",\"urlTemplate\":\"https:\\\/\\\/ezfactory.nl\\\/de\\\/?s={search_term_string}\"},\"query-input\":{\"@type\":\"PropertyValueSpecification\",\"valueRequired\":true,\"valueName\":\"search_term_string\"}}],\"inLanguage\":\"de-DE\"},{\"@type\":\"Organization\",\"@id\":\"https:\\\/\\\/ezfactory.nl\\\/de\\\/#organization\",\"name\":\"EZ Factory\",\"url\":\"https:\\\/\\\/ezfactory.nl\\\/de\\\/\",\"logo\":{\"@type\":\"ImageObject\",\"inLanguage\":\"de-DE\",\"@id\":\"https:\\\/\\\/ezfactory.nl\\\/de\\\/#\\\/schema\\\/logo\\\/image\\\/\",\"url\":\"https:\\\/\\\/i0.wp.com\\\/ezfactory.nl\\\/wp-content\\\/uploads\\\/2019\\\/02\\\/logo.png?fit=576%2C190&ssl=1\",\"contentUrl\":\"https:\\\/\\\/i0.wp.com\\\/ezfactory.nl\\\/wp-content\\\/uploads\\\/2019\\\/02\\\/logo.png?fit=576%2C190&ssl=1\",\"width\":576,\"height\":190,\"caption\":\"EZ Factory\"},\"image\":{\"@id\":\"https:\\\/\\\/ezfactory.nl\\\/de\\\/#\\\/schema\\\/logo\\\/image\\\/\"},\"sameAs\":[\"https:\\\/\\\/www.facebook.com\\\/EZFactory\\\/\",\"https:\\\/\\\/x.com\\\/ezfactorynl\",\"https:\\\/\\\/www.instagram.com\\\/ezfactorynl\\\/\",\"https:\\\/\\\/nl.linkedin.com\\\/company\\\/ez-factory\",\"https:\\\/\\\/www.youtube.com\\\/channel\\\/UCaEhfWjdc6tuDn4HzYTF1zQ\"]}]}<\/script>\n<!-- \/ Yoast SEO plugin. -->","yoast_head_json":{"title":"EZ-GO gibt AutonomenWartung bei FrieslandCampina Auftrieb","description":"FrieslandCampina verbessert mit der EZ-GO-Plattform die Sicherheit, Qualit\u00e4t und Effizienz an ihren Produktionsstandorten. Lesen Sie hier.","robots":{"index":"index","follow":"follow","max-snippet":"max-snippet:-1","max-image-preview":"max-image-preview:large","max-video-preview":"max-video-preview:-1"},"canonical":"https:\/\/ezfactory.nl\/de\/case-study-frieslandcampina\/","og_locale":"de_DE","og_type":"article","og_title":"EZ-GO gibt AutonomenWartung bei FrieslandCampina Auftrieb","og_description":"FrieslandCampina verbessert mit der EZ-GO-Plattform die Sicherheit, Qualit\u00e4t und Effizienz an ihren Produktionsstandorten. Lesen Sie hier.","og_url":"https:\/\/ezfactory.nl\/de\/case-study-frieslandcampina\/","og_site_name":"EZ Factory","article_publisher":"https:\/\/www.facebook.com\/EZFactory\/","article_modified_time":"2025-04-02T11:12:58+00:00","twitter_card":"summary_large_image","twitter_site":"@ezfactorynl","twitter_misc":{"Gesch\u00e4tzte Lesezeit":"4 minutes"},"schema":{"@context":"https:\/\/schema.org","@graph":[{"@type":"WebPage","@id":"https:\/\/ezfactory.nl\/de\/case-study-frieslandcampina\/","url":"https:\/\/ezfactory.nl\/de\/case-study-frieslandcampina\/","name":"EZ-GO gibt AutonomenWartung bei FrieslandCampina Auftrieb","isPartOf":{"@id":"https:\/\/ezfactory.nl\/de\/#website"},"datePublished":"2020-08-04T12:43:08+00:00","dateModified":"2025-04-02T11:12:58+00:00","description":"FrieslandCampina verbessert mit der EZ-GO-Plattform die Sicherheit, Qualit\u00e4t und Effizienz an ihren Produktionsstandorten. Lesen Sie hier.","breadcrumb":{"@id":"https:\/\/ezfactory.nl\/de\/case-study-frieslandcampina\/#breadcrumb"},"inLanguage":"de-DE","potentialAction":[{"@type":"ReadAction","target":["https:\/\/ezfactory.nl\/de\/case-study-frieslandcampina\/"]}]},{"@type":"BreadcrumbList","@id":"https:\/\/ezfactory.nl\/de\/case-study-frieslandcampina\/#breadcrumb","itemListElement":[{"@type":"ListItem","position":1,"name":"Home","item":"https:\/\/ezfactory.nl\/de\/"},{"@type":"ListItem","position":2,"name":"Case study FrieslandCampina"}]},{"@type":"WebSite","@id":"https:\/\/ezfactory.nl\/de\/#website","url":"https:\/\/ezfactory.nl\/de\/","name":"Easy Factory","description":"Digital checklists, tasks, audits &amp; work instructions","publisher":{"@id":"https:\/\/ezfactory.nl\/de\/#organization"},"potentialAction":[{"@type":"SearchAction","target":{"@type":"EntryPoint","urlTemplate":"https:\/\/ezfactory.nl\/de\/?s={search_term_string}"},"query-input":{"@type":"PropertyValueSpecification","valueRequired":true,"valueName":"search_term_string"}}],"inLanguage":"de-DE"},{"@type":"Organization","@id":"https:\/\/ezfactory.nl\/de\/#organization","name":"EZ Factory","url":"https:\/\/ezfactory.nl\/de\/","logo":{"@type":"ImageObject","inLanguage":"de-DE","@id":"https:\/\/ezfactory.nl\/de\/#\/schema\/logo\/image\/","url":"https:\/\/i0.wp.com\/ezfactory.nl\/wp-content\/uploads\/2019\/02\/logo.png?fit=576%2C190&ssl=1","contentUrl":"https:\/\/i0.wp.com\/ezfactory.nl\/wp-content\/uploads\/2019\/02\/logo.png?fit=576%2C190&ssl=1","width":576,"height":190,"caption":"EZ Factory"},"image":{"@id":"https:\/\/ezfactory.nl\/de\/#\/schema\/logo\/image\/"},"sameAs":["https:\/\/www.facebook.com\/EZFactory\/","https:\/\/x.com\/ezfactorynl","https:\/\/www.instagram.com\/ezfactorynl\/","https:\/\/nl.linkedin.com\/company\/ez-factory","https:\/\/www.youtube.com\/channel\/UCaEhfWjdc6tuDn4HzYTF1zQ"]}]}},"jetpack_sharing_enabled":true,"_links":{"self":[{"href":"https:\/\/ezfactory.nl\/de\/wp-json\/wp\/v2\/pages\/13668","targetHints":{"allow":["GET"]}}],"collection":[{"href":"https:\/\/ezfactory.nl\/de\/wp-json\/wp\/v2\/pages"}],"about":[{"href":"https:\/\/ezfactory.nl\/de\/wp-json\/wp\/v2\/types\/page"}],"author":[{"embeddable":true,"href":"https:\/\/ezfactory.nl\/de\/wp-json\/wp\/v2\/users\/19"}],"replies":[{"embeddable":true,"href":"https:\/\/ezfactory.nl\/de\/wp-json\/wp\/v2\/comments?post=13668"}],"version-history":[{"count":11,"href":"https:\/\/ezfactory.nl\/de\/wp-json\/wp\/v2\/pages\/13668\/revisions"}],"predecessor-version":[{"id":19108,"href":"https:\/\/ezfactory.nl\/de\/wp-json\/wp\/v2\/pages\/13668\/revisions\/19108"}],"wp:attachment":[{"href":"https:\/\/ezfactory.nl\/de\/wp-json\/wp\/v2\/media?parent=13668"}],"curies":[{"name":"wp","href":"https:\/\/api.w.org\/{rel}","templated":true}]}}