{"id":14289,"date":"2022-11-03T12:22:09","date_gmt":"2022-11-03T11:22:09","guid":{"rendered":"https:\/\/ezfactory.nl\/?page_id=14289"},"modified":"2025-11-17T10:26:32","modified_gmt":"2025-11-17T09:26:32","slug":"case-study-tkf","status":"publish","type":"page","link":"https:\/\/ezfactory.nl\/de\/case-study-tkf\/","title":{"rendered":"Case study TKF"},"content":{"rendered":"<div class=\"wpb-content-wrapper\">[vc_row thb_full_width=&#8221;true&#8221; thb_row_padding=&#8221;true&#8221; thb_column_padding=&#8221;true&#8221; content_placement=&#8221;middle&#8221; css=&#8221;.vc_custom_1667471209167{padding-top: 20vh !important;padding-bottom: 20vh !important;background-image: url(https:\/\/ezfactory.nl\/wp-content\/uploads\/2022\/11\/bg-tkf.jpg?id=14298) !important;background-position: center !important;background-repeat: no-repeat !important;background-size: cover !important;}&#8221; el_class=&#8221;portfolio-mast-head&#8221;][vc_column thb_color=&#8221;thb-light-column&#8221; el_class=&#8221;text-center&#8221;]\t<div id=\"thb-slidetype-69d0e8cab1f5d\" class=\"thb-slidetype \" data-style=\"style1\">\n\t\t<p><strong><span style=\"font-size:50px;\"><\/span><\/strong><\/p>\t\t\t\t<style>\n\t\t\t#thb-slidetype-69d0e8cab1f5d .thb-slidetype-entry {\n\t\t\t\tcolor: #ffffff;\n\t\t\t}\n\t\t<\/style>\n\t\t\t<\/div>\n\n\t[vc_empty_space height=&#8221;48px&#8221;][vc_custom_heading text=&#8221;Case study TKF: &#8220;Hier darf nichts schiefgehen&#8220;&#8221; font_container=&#8221;tag:h1|font_size:50|text_align:center|color:%23ffffff&#8221; google_fonts=&#8221;font_family:Open%20Sans%3A300%2C300italic%2Cregular%2Citalic%2C600%2C600italic%2C700%2C700italic%2C800%2C800italic|font_style:800%20bold%20regular%3A800%3Anormal&#8221; css=&#8221;&#8221;][vc_empty_space height=&#8221;48px&#8221;]\t<a id=\"thb-button-69d0e8cab2122\" class=\"btn style1 large  white pill-radius animation bottom-to-top   arrow-enabled\" href=\"https:\/\/ezfactory.nl\/de\/demo-ez-go\/\" target=\"_blank\" role=\"button\">\n\t\t\t\t\t<span>Demo-Anfrage<\/span>\n\t<svg xmlns=\"http:\/\/www.w3.org\/2000\/svg\" xmlns:xlink=\"http:\/\/www.w3.org\/1999\/xlink\" x=\"0px\" y=\"0px\"\r\n\t width=\"30px\" height=\"18px\" viewBox=\"0 0 30 18\" enable-background=\"new 0 0 30 18\" xml:space=\"preserve\">\r\n<path class=\"handle\" d=\"M20.305,16.212c-0.407,0.409-0.407,1.071,0,1.479s1.068,0.408,1.476,0l7.914-7.952c0.408-0.409,0.408-1.071,0-1.481\r\n\tl-7.914-7.952c-0.407-0.409-1.068-0.409-1.476,0s-0.407,1.071,0,1.48l7.185,7.221L20.305,16.212z\"\/>\r\n<path class=\"bar\" fill-rule=\"evenodd\" clip-rule=\"evenodd\" d=\"M1,8h28.001c0.551,0,1,0.448,1,1c0,0.553-0.449,1-1,1H1c-0.553,0-1-0.447-1-1\r\n\tC0,8.448,0.447,8,1,8z\"\/>\r\n<\/svg>\r\n\t\t<\/a>\n\t\t[\/vc_column][\/vc_row][vc_row el_class=&#8221;align-center&#8221; css=&#8221;.vc_custom_1604050977072{padding-top: 10vh !important;padding-bottom: 2vh !important;}&#8221;][vc_column offset=&#8221;vc_col-lg-7 vc_col-md-9&#8243;][vc_column_text]<strong>TKF in Lochem stellt Stromkabel mit einer L\u00e4nge von bis zu 8 km her, die Windkraftanlagen im Meer miteinander verbinden. Der Produktionsprozess muss von Anfang an richtig laufen, und die Qualit\u00e4ts- und Sicherheitsanforderungen in dieser Branche sind hoch. EZ-GO-Checklisten gew\u00e4hrleisten eine einwandfreie Vorbereitung.<\/strong>[\/vc_column_text][vc_empty_space height=&#8221;10px&#8221;][\/vc_column][\/vc_row][vc_row thb_full_width=&#8221;true&#8221; thb_row_padding=&#8221;true&#8221; thb_column_padding=&#8221;true&#8221; content_placement=&#8221;middle&#8221; css=&#8221;.vc_custom_1667471330514{margin-bottom: 2vh !important;background: #1d1d1d url(https:\/\/ezfactory.nl\/wp-content\/uploads\/2022\/11\/bnr-01.jpg?id=14302) !important;background-position: center !important;background-repeat: no-repeat !important;background-size: cover !important;}&#8221; el_class=&#8221;showreel-row&#8221;][vc_column thb_color=&#8221;thb-light-column&#8221; width=&#8221;2\/3&#8243; css=&#8221;.vc_custom_1626175710468{padding-top: 10vh !important;padding-right: 5vw !important;padding-bottom: 10vh !important;padding-left: 5vw !important;}&#8221; offset=&#8221;vc_col-lg-7 vc_col-md-9&#8243;]\t<div id=\"thb-slidetype-69d0e8cab2250\" class=\"thb-slidetype \" data-style=\"style1\">\n\t\t\n<h6><span class=\"thb-slidetype-entry\"><span class=\"lines\">KONTINUIT\u00c4T<\/span><\/span><\/h6>\n\t\t\t\t<style>\n\t\t\t#thb-slidetype-69d0e8cab2250 .thb-slidetype-entry {\n\t\t\t\tcolor: #99bc48;\n\t\t\t}\n\t\t<\/style>\n\t\t\t<\/div>\n\n\t[vc_empty_space height=&#8221;20px&#8221;]\t<div id=\"thb-slidetype-69d0e8cab22ac\" class=\"thb-slidetype \" data-style=\"style1\">\n\t\t\n<h2><span class=\"thb-slidetype-entry\"><span class=\"lines\">Mindestens 8 km an einem St\u00fcck<\/span><\/span><\/h2>\n\t\t\t<\/div>\n\n\t[vc_empty_space height=&#8221;10px&#8221;][vc_column_text animation=&#8221;animation bottom-to-top&#8221;]TKF stellt Kabel f\u00fcr verschiedene Industrien. In Lochem stellt das Unternehmen dicke Stromkabel her, die auf dem Meeresboden liegen und die dortigen Windkraftanlagen miteinander verbinden. Die Dicke variiert; die Standardl\u00e4nge solcher Kabel betr\u00e4gt 8 Kilometer. Ein Kabel besteht aus mehreren Komponenten, die Schicht f\u00fcr Schicht aufgebaut sind. Schlie\u00dflich werden die verschiedenen Komponenten zu einem Kabel zusammengef\u00fcgt.<\/p>\n<p>Der Herstellungsprozess sowohl von Bauteilen als auch von Kabeln hat eine wichtige Eigenschaft: Wenn er einmal begonnen hat, kann er nicht mehr gestoppt werden, ohne dass es zu erheblichen Kosten und Problemen kommt. Die 8 Kilometer m\u00fcssen beim ersten Mal gelingen. Dieser Prozess kann bis zu 16 Stunden pro Bauteil dauern. Deshalb sind die Kontrollen im Vorfeld sehr wichtig. Dazu verwendet das Unternehmen die Checklisten von EZ-GO.<\/p>\n<p>Sjoerd Kleisterlee \u00fcberwachte als Sicherheits-, Gesundheits- und Umweltbeauftragter (SHE Officer) von TKF die Einf\u00fchrung der EZ-GO-Plattform. Henno Staal ist als externer Berater beteiligt.[\/vc_column_text][\/vc_column][vc_column width=&#8221;1\/3&#8243;][\/vc_column][\/vc_row][vc_row el_class=&#8221;align-center&#8221; css=&#8221;.vc_custom_1596548882655{padding-top: 50px !important;padding-bottom: 50px !important;}&#8221;][vc_column animation=&#8221;animation bottom-to-top&#8221; offset=&#8221;vc_col-lg-8 vc_col-md-10&#8243;]\t<div id=\"thb-image-69d0e8cab2329\" class=\"caption-style1  aligncenter   thb_image_link wp-caption \">\n\t\t\t<div class=\"thb-image-inner size_100\">\n\t\t\t\t\t\t\t\t<\/div>\n\t\t\t\t\t<\/div>\n\t[vc_empty_space height=&#8221;20px&#8221;]\t<div id=\"thb-testimonials-69d0e8cab417c\" class=\"thb-testimonials thb-testimonial-style2 thb-carousel style2   \" data-columns=\"1\" data-pagination=\"\" data-navigation=\"false\"\n\t\t\t\t\t\t data-autoplay=\"\" data-autoplay-speed=\"4000\" data-fade=\"true\" data-adaptive=\"false\">\n\t\t\t<div class=\"small-12  columns\">\n\t\t\t\t\t\t\t<div class=\"thb-testimonial \">\n\t\t\t\t\t\t\t\t\t\t\t\t\t\t\t\t\t\t\t\t\t\t\t\t<blockquote><p>\u201cDank der strukturierten Kontrollen l\u00e4uft die Produktion ohne Unterbrechung in einem Durchgang\u201d<\/p>\n<\/blockquote>\n\t\t\t\t\t\t\t\t\t\t\t\t\t\t\t\t\t\t\t\t<div class=\"testimonial-author\">\n\t\t\t\t\t\t\t\t\t\t\t\t\t\t\t\t\t<cite>Sjoerd Kleisterlee<\/cite>\n\t\t\t\t\t\t\t\t\t\t\t\t\t\t\t\t<span class=\"title\">SHE Officer TKF<\/span>\n\t\t\t\t\t\t\t<\/div>\n\t\t\t\t\t\t\t\t\t\t\t<\/div>\n\t\t\t<\/div>\n\n\t\t<\/div>\n\t[\/vc_column][\/vc_row][vc_row el_class=&#8221;align-center&#8221; css=&#8221;.vc_custom_1604050692750{padding-top: 2vh !important;padding-bottom: 1vh !important;}&#8221;][vc_column offset=&#8221;vc_col-lg-7 vc_col-md-9&#8243;]\t<div id=\"thb-slidetype-69d0e8cab4372\" class=\"thb-slidetype \" data-style=\"style1\">\n\t\t\n<h6><span class=\"thb-slidetype-entry\"><span class=\"lines\">QUALIT\u00c4T<\/span><\/span><\/h6>\n\t\t\t\t<style>\n\t\t\t#thb-slidetype-69d0e8cab4372 .thb-slidetype-entry {\n\t\t\t\tcolor: #99bc48;\n\t\t\t}\n\t\t<\/style>\n\t\t\t<\/div>\n\n\t[vc_empty_space height=&#8221;20px&#8221;]\t<div id=\"thb-slidetype-69d0e8cab43d1\" class=\"thb-slidetype \" data-style=\"style1\">\n\t\t\n<h2><span class=\"thb-slidetype-entry\"><span class=\"lines\">Wasserdicht und widerstandsf\u00e4hig<\/span><\/span><\/h2>\n\t\t\t<\/div>\n\n\t[vc_empty_space height=&#8221;10px&#8221;][vc_column_text animation=&#8221;animation bottom-to-top&#8221;]Sjoerd Kleisterlee: \u201eNeben der L\u00e4nge gibt es viele strenge Qualit\u00e4tsanforderungen; es darf absolut nichts daran auszusetzen sein. Liegt ein Kabel erst einmal auf dem Meeresgrund, ist eine Reparatur oder ein Austausch unm\u00f6glich oder zumindest sehr kostspielig. Die Qualit\u00e4t dieser Kabel muss jederzeit zu 100 % nachweisbar sein. Auch die Kunden wollen einen Nachweis daf\u00fcr. EZ-GO erfasst den Nachweis f\u00fcr einen optimal eingestellten Prozess.\u201c[\/vc_column_text][\/vc_column][\/vc_row][vc_row el_class=&#8221;align-center&#8221; css=&#8221;.vc_custom_1604050692750{padding-top: 2vh !important;padding-bottom: 1vh !important;}&#8221;][vc_column offset=&#8221;vc_col-lg-7 vc_col-md-9&#8243;]\t<div id=\"thb-slidetype-69d0e8cab4424\" class=\"thb-slidetype \" data-style=\"style1\">\n\t\t\n<h6><span class=\"thb-slidetype-entry\"><span class=\"lines\">SICHERHEIT<\/span><\/span><\/h6>\n\t\t\t\t<style>\n\t\t\t#thb-slidetype-69d0e8cab4424 .thb-slidetype-entry {\n\t\t\t\tcolor: #99bc48;\n\t\t\t}\n\t\t<\/style>\n\t\t\t<\/div>\n\n\t[vc_empty_space height=&#8221;20px&#8221;]\t<div id=\"thb-slidetype-69d0e8cab446f\" class=\"thb-slidetype \" data-style=\"style1\">\n\t\t\n<h2><span class=\"thb-slidetype-entry\"><span class=\"lines\">Starke Kabel unter Hochspannung<\/span><\/span><\/h2>\n\t\t\t<\/div>\n\n\t[vc_empty_space height=&#8221;10px&#8221;][vc_column_text animation=&#8221;animation bottom-to-top&#8221;]Die EZ-GO-Checklisten werden auch f\u00fcr Sicherheits\u00fcberpr\u00fcfungen verwendet. Sicheres Arbeiten steht bei TKF an erster Stelle. Man kann sich vorstellen, welche enormen Kr\u00e4fte beim Aufwickeln und Zusammenlegen dieser kilometerlangen Kabel wirken. Wenn sich w\u00e4hrend der Produktion etwas l\u00f6st, ist das lebensgef\u00e4hrlich. Deshalb sind strukturierte Sicherheitskontrollen vor und w\u00e4hrend des Produktionsprozesses bei TKF von entscheidender Bedeutung.[\/vc_column_text][\/vc_column][\/vc_row][vc_row el_class=&#8221;align-center&#8221; css=&#8221;.vc_custom_1604050672289{padding-top: 2vh !important;padding-bottom: 1vh !important;}&#8221;][vc_column offset=&#8221;vc_col-lg-7 vc_col-md-9&#8243;][vc_single_image image=&#8221;14311&#8243; img_size=&#8221;full&#8221;][\/vc_column][\/vc_row][vc_row el_class=&#8221;align-center&#8221; css=&#8221;.vc_custom_1604050692750{padding-top: 2vh !important;padding-bottom: 1vh !important;}&#8221;][vc_column offset=&#8221;vc_col-lg-7 vc_col-md-9&#8243;]\t<div id=\"thb-slidetype-69d0e8cab44b1\" class=\"thb-slidetype \" data-style=\"style1\">\n\t\t\n<h6><span class=\"thb-slidetype-entry\"><span class=\"lines\">CHECKLISTEN<\/span><\/span><\/h6>\n\t\t\t\t<style>\n\t\t\t#thb-slidetype-69d0e8cab44b1 .thb-slidetype-entry {\n\t\t\t\tcolor: #99bc48;\n\t\t\t}\n\t\t<\/style>\n\t\t\t<\/div>\n\n\t[vc_empty_space height=&#8221;20px&#8221;]\t<div id=\"thb-slidetype-69d0e8cab4500\" class=\"thb-slidetype \" data-style=\"style1\">\n\t\t\n<h2><span class=\"thb-slidetype-entry\"><span class=\"lines\">Check, Check, nochmals Check<\/span><\/span><\/h2>\n\t\t\t<\/div>\n\n\t[vc_empty_space height=&#8221;10px&#8221;][vc_column_text animation=&#8221;animation bottom-to-top&#8221;]Henno Staal von Produlog begleitet solche Implementierungen h\u00e4ufiger als externer Berater. Er erz\u00e4hlt: \u201eObwohl TKF mehrere Komponenten der EZ-GO-Plattform einsetzt, wie z. B. Cleaning &amp; Inspection, 5S-Audits und Sicherheitsaudits, liegt der Schwerpunkt auf dem sogenannten 4-Eyes-Check. Das ist die Kontrolle vor dem Start des Produktionsprozesses. Die Person, die die Maschinen einrichtet, f\u00fchrt eine Kontrolle durch, ein Kollege f\u00fchrt dieselbe Kontrolle noch einmal unabh\u00e4ngig durch. Diese gr\u00fcndlichen Kontrollen k\u00f6nnen bis zu 30-45 Minuten dauern.\u201c<\/p>\n<p>Kleisterlee f\u00fcgt hinzu: \u201eZu den Dingen, die dabei abgehandelt werden, geh\u00f6ren die Einstellungen aller Ger\u00e4te und Maschinen in der Linie, eventuelle Verunreinigungen, die Funktionsweise von Sensoren und verschiedene Sicherheitskontrollen. Die korrekten Einstellungen werden in der App mit Text und Bildern angezeigt, so dass es keinen Zweifel geben kann. Beim Text haben wir sehr auf die Formulierung geachtet. Also nicht: \u201eTemperatur auf 100 Grad einstellen\u201c, sondern \u201eTemperatur auf 100 Grad eingestellt\u201c. Dann kann der Bediener \u201eja\u201c angeben und Sie k\u00f6nnen sicher sein, dass das dann auch so ist.\u201c[\/vc_column_text][\/vc_column][\/vc_row][vc_row el_class=&#8221;align-center&#8221; css=&#8221;.vc_custom_1604050672289{padding-top: 2vh !important;padding-bottom: 1vh !important;}&#8221;][vc_column offset=&#8221;vc_col-lg-7 vc_col-md-9&#8243;]\t<div id=\"thb-slidetype-69d0e8cab453a\" class=\"thb-slidetype \" data-style=\"style1\">\n\t\t\n<h6><span class=\"thb-slidetype-entry\"><span class=\"lines\">BENUTZERFREUNDLICH<\/span><\/span><\/h6>\n\t\t\t\t<style>\n\t\t\t#thb-slidetype-69d0e8cab453a .thb-slidetype-entry {\n\t\t\t\tcolor: #99bc48;\n\t\t\t}\n\t\t<\/style>\n\t\t\t<\/div>\n\n\t[vc_empty_space height=&#8221;20px&#8221;]\t<div id=\"thb-slidetype-69d0e8cab4577\" class=\"thb-slidetype \" data-style=\"style1\">\n\t\t\n<h2><span class=\"thb-slidetype-entry\"><span class=\"lines\">St\u00e4ndige Verbesserung<\/span><\/span><\/h2>\n\t\t\t<\/div>\n\n\t[vc_empty_space height=&#8221;10px&#8221;][vc_column_text animation=&#8221;animation bottom-to-top&#8221;]Ein wichtiger zus\u00e4tzlicher Vorteil der EZ-GO-App ist, dass die Checklisten in Echtzeit ausgef\u00fcllt und vom Bediener abgezeichnet werden. Kleisterlee: \u201eSo kann jeder sicher sein, dass die Kontrollen von zwei Mitarbeitern durchgef\u00fchrt wurden, bevor der intensive Produktionsprozess beginnt. Wenn jemand eine Anomalie entdeckt, wird sie sofort behoben, aber auch aufgezeichnet. Daraus ergibt sich ein Input f\u00fcr strukturelle Verbesserungen, zum Beispiel wenn eine bestimmte Anomalie h\u00e4ufiger auftritt. Wir halten die einzelnen Kontrollen mit Foto, Datum und Zeitstempel fest. Die Pr\u00fcfer k\u00f6nnen diese einsehen. Das gibt auch den Kunden zus\u00e4tzliche Sicherheit.\u201c[\/vc_column_text][\/vc_column][\/vc_row][vc_row thb_full_width=&#8221;true&#8221; thb_row_padding=&#8221;true&#8221; thb_column_padding=&#8221;true&#8221; css=&#8221;.vc_custom_1596794108971{margin-top: 50px !important;padding-top: 8vh !important;padding-bottom: 8vh !important;background-image: url(https:\/\/ezfactory.nl\/wp-content\/uploads\/2020\/08\/5008.jpg?id=4573) !important;background-position: center !important;background-repeat: no-repeat !important;background-size: cover !important;}&#8221;][vc_column][vc_row_inner el_class=&#8221;align-center&#8221;][vc_column_inner thb_color=&#8221;thb-light-column&#8221; el_class=&#8221;text-center&#8221; offset=&#8221;vc_col-lg-7 vc_col-md-10&#8243;][vc_empty_space height=&#8221;40px&#8221;]\t<div id=\"thb-slidetype-69d0e8cab45ad\" class=\"thb-slidetype \" data-style=\"style1\">\n\t\t\n<h2><span class=\"thb-slidetype-entry\"><span class=\"lines\">Bereit zur Verbesserung von<em> Sicherheit, Qualit\u00e4t und Effizienz<\/em> in your factory?<\/span><\/span><\/h2>\n\t\t\t<\/div>\n\n\t[vc_empty_space]\t<a id=\"thb-button-69d0e8cab461b\" class=\"btn style2 large  white pill-radius    \" href=\"https:\/\/ezfactory.nl\/de\/demo-ez-go\/\" target=\"_blank\" role=\"button\">\n\t\t\t\t\t<span>Jetzt anfangen!<\/span>\n\t\t\t<\/a>\n\t\t[\/vc_column_inner][\/vc_row_inner][\/vc_column][\/vc_row]\n<\/div>","protected":false},"excerpt":{"rendered":"<p>[vc_row thb_full_width=&#8221;true&#8221; thb_row_padding=&#8221;true&#8221; thb_column_padding=&#8221;true&#8221; content_placement=&#8221;middle&#8221; css=&#8221;.vc_custom_1667471209167{padding-top: 20vh !important;padding-bottom: 20vh !important;background-image: url(https:\/\/ezfactory.nl\/wp-content\/uploads\/2022\/11\/bg-tkf.jpg?id=14298) !important;background-position: center !important;background-repeat: no-repeat !important;background-size: cover !important;}&#8221; el_class=&#8221;portfolio-mast-head&#8221;][vc_column thb_color=&#8221;thb-light-column&#8221; el_class=&#8221;text-center&#8221;][vc_empty_space height=&#8221;48px&#8221;][vc_custom_heading text=&#8221;Case study TKF: &#8220;Hier darf nichts schiefgehen&#8220;&#8221; font_container=&#8221;tag:h1|font_size:50|text_align:center|color:%23ffffff&#8221; google_fonts=&#8221;font_family:Open%20Sans%3A300%2C300italic%2Cregular%2Citalic%2C600%2C600italic%2C700%2C700italic%2C800%2C800italic|font_style:800%20bold%20regular%3A800%3Anormal&#8221; css=&#8221;&#8221;][vc_empty_space height=&#8221;48px&#8221;][\/vc_column][\/vc_row][vc_row el_class=&#8221;align-center&#8221; css=&#8221;.vc_custom_1604050977072{padding-top: 10vh !important;padding-bottom: 2vh !important;}&#8221;][vc_column offset=&#8221;vc_col-lg-7 vc_col-md-9&#8243;][vc_column_text]TKF in Lochem stellt Stromkabel mit einer L\u00e4nge von bis zu 8 km her, die&hellip;<\/p>\n","protected":false},"author":19,"featured_media":0,"parent":0,"menu_order":0,"comment_status":"closed","ping_status":"closed","template":"","meta":{"footnotes":""},"class_list":["post-14289","page","type-page","status-publish","hentry"],"yoast_head":"<!-- This site is optimized with the Yoast SEO plugin v27.3 - https:\/\/yoast.com\/product\/yoast-seo-wordpress\/ -->\n<title>Kundenerfahrung EZ-GO-Plattform bei TKF<\/title>\n<meta name=\"description\" content=\"TKF w\u00e4chst und professionalisiert sich. Deshalb digitalisieren sie Arbeitsanweisungen und Standards mit EZ-GO.\" \/>\n<meta name=\"robots\" content=\"index, follow, max-snippet:-1, max-image-preview:large, max-video-preview:-1\" \/>\n<link rel=\"canonical\" href=\"https:\/\/ezfactory.nl\/de\/case-study-tkf\/\" \/>\n<meta property=\"og:locale\" content=\"de_DE\" \/>\n<meta property=\"og:type\" content=\"article\" \/>\n<meta property=\"og:title\" content=\"Kundenerfahrung EZ-GO-Plattform bei TKF\" \/>\n<meta property=\"og:description\" content=\"TKF w\u00e4chst und professionalisiert sich. Deshalb digitalisieren sie Arbeitsanweisungen und Standards mit EZ-GO.\" \/>\n<meta property=\"og:url\" content=\"https:\/\/ezfactory.nl\/de\/case-study-tkf\/\" \/>\n<meta property=\"og:site_name\" content=\"EZ Factory\" \/>\n<meta property=\"article:publisher\" content=\"https:\/\/www.facebook.com\/EZFactory\/\" \/>\n<meta property=\"article:modified_time\" content=\"2025-11-17T09:26:32+00:00\" \/>\n<meta name=\"twitter:card\" content=\"summary_large_image\" \/>\n<meta name=\"twitter:site\" content=\"@ezfactorynl\" \/>\n<meta name=\"twitter:label1\" content=\"Gesch\u00e4tzte Lesezeit\" \/>\n\t<meta name=\"twitter:data1\" content=\"5 minutes\" \/>\n<script type=\"application\/ld+json\" class=\"yoast-schema-graph\">{\"@context\":\"https:\\\/\\\/schema.org\",\"@graph\":[{\"@type\":\"WebPage\",\"@id\":\"https:\\\/\\\/ezfactory.nl\\\/de\\\/case-study-tkf\\\/\",\"url\":\"https:\\\/\\\/ezfactory.nl\\\/de\\\/case-study-tkf\\\/\",\"name\":\"Kundenerfahrung EZ-GO-Plattform bei TKF\",\"isPartOf\":{\"@id\":\"https:\\\/\\\/ezfactory.nl\\\/de\\\/#website\"},\"datePublished\":\"2022-11-03T11:22:09+00:00\",\"dateModified\":\"2025-11-17T09:26:32+00:00\",\"description\":\"TKF w\u00e4chst und professionalisiert sich. Deshalb digitalisieren sie Arbeitsanweisungen und Standards mit EZ-GO.\",\"breadcrumb\":{\"@id\":\"https:\\\/\\\/ezfactory.nl\\\/de\\\/case-study-tkf\\\/#breadcrumb\"},\"inLanguage\":\"de-DE\",\"potentialAction\":[{\"@type\":\"ReadAction\",\"target\":[\"https:\\\/\\\/ezfactory.nl\\\/de\\\/case-study-tkf\\\/\"]}]},{\"@type\":\"BreadcrumbList\",\"@id\":\"https:\\\/\\\/ezfactory.nl\\\/de\\\/case-study-tkf\\\/#breadcrumb\",\"itemListElement\":[{\"@type\":\"ListItem\",\"position\":1,\"name\":\"Home\",\"item\":\"https:\\\/\\\/ezfactory.nl\\\/de\\\/\"},{\"@type\":\"ListItem\",\"position\":2,\"name\":\"Case study TKF\"}]},{\"@type\":\"WebSite\",\"@id\":\"https:\\\/\\\/ezfactory.nl\\\/de\\\/#website\",\"url\":\"https:\\\/\\\/ezfactory.nl\\\/de\\\/\",\"name\":\"Easy Factory\",\"description\":\"Digital checklists, tasks, audits &amp; work instructions\",\"publisher\":{\"@id\":\"https:\\\/\\\/ezfactory.nl\\\/de\\\/#organization\"},\"potentialAction\":[{\"@type\":\"SearchAction\",\"target\":{\"@type\":\"EntryPoint\",\"urlTemplate\":\"https:\\\/\\\/ezfactory.nl\\\/de\\\/?s={search_term_string}\"},\"query-input\":{\"@type\":\"PropertyValueSpecification\",\"valueRequired\":true,\"valueName\":\"search_term_string\"}}],\"inLanguage\":\"de-DE\"},{\"@type\":\"Organization\",\"@id\":\"https:\\\/\\\/ezfactory.nl\\\/de\\\/#organization\",\"name\":\"EZ Factory\",\"url\":\"https:\\\/\\\/ezfactory.nl\\\/de\\\/\",\"logo\":{\"@type\":\"ImageObject\",\"inLanguage\":\"de-DE\",\"@id\":\"https:\\\/\\\/ezfactory.nl\\\/de\\\/#\\\/schema\\\/logo\\\/image\\\/\",\"url\":\"https:\\\/\\\/ezfactory.nl\\\/wp-content\\\/uploads\\\/2019\\\/02\\\/logo.png\",\"contentUrl\":\"https:\\\/\\\/ezfactory.nl\\\/wp-content\\\/uploads\\\/2019\\\/02\\\/logo.png\",\"width\":576,\"height\":190,\"caption\":\"EZ Factory\"},\"image\":{\"@id\":\"https:\\\/\\\/ezfactory.nl\\\/de\\\/#\\\/schema\\\/logo\\\/image\\\/\"},\"sameAs\":[\"https:\\\/\\\/www.facebook.com\\\/EZFactory\\\/\",\"https:\\\/\\\/x.com\\\/ezfactorynl\",\"https:\\\/\\\/www.instagram.com\\\/ezfactorynl\\\/\",\"https:\\\/\\\/nl.linkedin.com\\\/company\\\/ez-factory\",\"https:\\\/\\\/www.youtube.com\\\/channel\\\/UCaEhfWjdc6tuDn4HzYTF1zQ\"]}]}<\/script>\n<!-- \/ Yoast SEO plugin. -->","yoast_head_json":{"title":"Kundenerfahrung EZ-GO-Plattform bei TKF","description":"TKF w\u00e4chst und professionalisiert sich. Deshalb digitalisieren sie Arbeitsanweisungen und Standards mit EZ-GO.","robots":{"index":"index","follow":"follow","max-snippet":"max-snippet:-1","max-image-preview":"max-image-preview:large","max-video-preview":"max-video-preview:-1"},"canonical":"https:\/\/ezfactory.nl\/de\/case-study-tkf\/","og_locale":"de_DE","og_type":"article","og_title":"Kundenerfahrung EZ-GO-Plattform bei TKF","og_description":"TKF w\u00e4chst und professionalisiert sich. Deshalb digitalisieren sie Arbeitsanweisungen und Standards mit EZ-GO.","og_url":"https:\/\/ezfactory.nl\/de\/case-study-tkf\/","og_site_name":"EZ Factory","article_publisher":"https:\/\/www.facebook.com\/EZFactory\/","article_modified_time":"2025-11-17T09:26:32+00:00","twitter_card":"summary_large_image","twitter_site":"@ezfactorynl","twitter_misc":{"Gesch\u00e4tzte Lesezeit":"5 minutes"},"schema":{"@context":"https:\/\/schema.org","@graph":[{"@type":"WebPage","@id":"https:\/\/ezfactory.nl\/de\/case-study-tkf\/","url":"https:\/\/ezfactory.nl\/de\/case-study-tkf\/","name":"Kundenerfahrung EZ-GO-Plattform bei TKF","isPartOf":{"@id":"https:\/\/ezfactory.nl\/de\/#website"},"datePublished":"2022-11-03T11:22:09+00:00","dateModified":"2025-11-17T09:26:32+00:00","description":"TKF w\u00e4chst und professionalisiert sich. Deshalb digitalisieren sie Arbeitsanweisungen und Standards mit EZ-GO.","breadcrumb":{"@id":"https:\/\/ezfactory.nl\/de\/case-study-tkf\/#breadcrumb"},"inLanguage":"de-DE","potentialAction":[{"@type":"ReadAction","target":["https:\/\/ezfactory.nl\/de\/case-study-tkf\/"]}]},{"@type":"BreadcrumbList","@id":"https:\/\/ezfactory.nl\/de\/case-study-tkf\/#breadcrumb","itemListElement":[{"@type":"ListItem","position":1,"name":"Home","item":"https:\/\/ezfactory.nl\/de\/"},{"@type":"ListItem","position":2,"name":"Case study TKF"}]},{"@type":"WebSite","@id":"https:\/\/ezfactory.nl\/de\/#website","url":"https:\/\/ezfactory.nl\/de\/","name":"Easy Factory","description":"Digital checklists, tasks, audits &amp; work instructions","publisher":{"@id":"https:\/\/ezfactory.nl\/de\/#organization"},"potentialAction":[{"@type":"SearchAction","target":{"@type":"EntryPoint","urlTemplate":"https:\/\/ezfactory.nl\/de\/?s={search_term_string}"},"query-input":{"@type":"PropertyValueSpecification","valueRequired":true,"valueName":"search_term_string"}}],"inLanguage":"de-DE"},{"@type":"Organization","@id":"https:\/\/ezfactory.nl\/de\/#organization","name":"EZ Factory","url":"https:\/\/ezfactory.nl\/de\/","logo":{"@type":"ImageObject","inLanguage":"de-DE","@id":"https:\/\/ezfactory.nl\/de\/#\/schema\/logo\/image\/","url":"https:\/\/ezfactory.nl\/wp-content\/uploads\/2019\/02\/logo.png","contentUrl":"https:\/\/ezfactory.nl\/wp-content\/uploads\/2019\/02\/logo.png","width":576,"height":190,"caption":"EZ Factory"},"image":{"@id":"https:\/\/ezfactory.nl\/de\/#\/schema\/logo\/image\/"},"sameAs":["https:\/\/www.facebook.com\/EZFactory\/","https:\/\/x.com\/ezfactorynl","https:\/\/www.instagram.com\/ezfactorynl\/","https:\/\/nl.linkedin.com\/company\/ez-factory","https:\/\/www.youtube.com\/channel\/UCaEhfWjdc6tuDn4HzYTF1zQ"]}]}},"jetpack_sharing_enabled":true,"_links":{"self":[{"href":"https:\/\/ezfactory.nl\/de\/wp-json\/wp\/v2\/pages\/14289","targetHints":{"allow":["GET"]}}],"collection":[{"href":"https:\/\/ezfactory.nl\/de\/wp-json\/wp\/v2\/pages"}],"about":[{"href":"https:\/\/ezfactory.nl\/de\/wp-json\/wp\/v2\/types\/page"}],"author":[{"embeddable":true,"href":"https:\/\/ezfactory.nl\/de\/wp-json\/wp\/v2\/users\/19"}],"replies":[{"embeddable":true,"href":"https:\/\/ezfactory.nl\/de\/wp-json\/wp\/v2\/comments?post=14289"}],"version-history":[{"count":6,"href":"https:\/\/ezfactory.nl\/de\/wp-json\/wp\/v2\/pages\/14289\/revisions"}],"predecessor-version":[{"id":17594,"href":"https:\/\/ezfactory.nl\/de\/wp-json\/wp\/v2\/pages\/14289\/revisions\/17594"}],"wp:attachment":[{"href":"https:\/\/ezfactory.nl\/de\/wp-json\/wp\/v2\/media?parent=14289"}],"curies":[{"name":"wp","href":"https:\/\/api.w.org\/{rel}","templated":true}]}}