{"id":23203,"date":"2026-05-06T09:13:34","date_gmt":"2026-05-06T08:13:34","guid":{"rendered":"https:\/\/ezfactory.nl\/?page_id=23203"},"modified":"2026-05-06T09:13:34","modified_gmt":"2026-05-06T08:13:34","slug":"rueckblick-hannover-messe-2026","status":"publish","type":"page","link":"https:\/\/ezfactory.nl\/de\/rueckblick-hannover-messe-2026\/","title":{"rendered":"R\u00fcckblick: Hannover Messe 2026"},"content":{"rendered":"<div class=\"wpb-content-wrapper\">[vc_row thb_full_width=&#8221;true&#8221; thb_row_padding=&#8221;true&#8221; thb_column_padding=&#8221;true&#8221; content_placement=&#8221;middle&#8221; thb_scroll_bottom=&#8221;true&#8221; thb_scroll_bottom_style=&#8221;style3&#8243; thb_scroll_bottom_color=&#8221;light&#8221; thb_shape_divider=&#8221;true&#8221; css=&#8221;.vc_custom_1778050993235{padding-top: 25vh !important;padding-bottom: 15vh !important;background: #FFFFFF url(https:\/\/ezfactory.nl\/wp-content\/uploads\/2026\/05\/EZ-Factory-op-Hannover-Messe-2026.jpeg?id=23204) !important;}&#8221; divider_shape=&#8221;triangle&#8221; thb_divider_color=&#8221;#FFFFFF&#8221;][vc_column thb_color=&#8221;thb-light-column&#8221;][vc_row_inner][vc_column_inner thb_color=&#8221;thb-light-column&#8221; offset=&#8221;vc_col-lg-5 vc_col-md-8&#8243;][vc_empty_space height=&#8221;10px&#8221;][\/vc_column_inner][\/vc_row_inner][\/vc_column][\/vc_row][vc_row thb_full_width=&#8221;true&#8221; thb_row_padding=&#8221;true&#8221; thb_column_padding=&#8221;true&#8221; css=&#8221;.vc_custom_1738242875942{padding-top: 5vh !important;padding-bottom: 4vh !important;background-color: #FFFFFF !important;}&#8221;][vc_column][vc_row_inner css=&#8221;.vc_custom_1724951560667{padding-top: 5vh !important;}&#8221;][vc_column_inner width=&#8221;2\/3&#8243; offset=&#8221;vc_col-lg-8 vc_col-md-9&#8243;]\t<div id=\"thb-slidetype-69fb15c8e9f75\" class=\"thb-slidetype \" data-style=\"style1\">\n\t\t\n<h1><span class=\"thb-slidetype-entry\"><span class=\"lines\">Hannover Messe 2026: Niederl\u00e4ndische N\u00fcchternheit auf der gr\u00f6\u00dften Industrieb\u00fchne der Welt<\/span><\/span><\/h1>\n\t\t\t\t<style>\n\t\t\t#thb-slidetype-69fb15c8e9f75 .thb-slidetype-entry {\n\t\t\t\tcolor: #000000;\n\t\t\t}\n\t\t<\/style>\n\t\t\t<\/div>\n\n\t[vc_column_text css=&#8221;&#8221; animation=&#8221;animation bottom-to-top&#8221;]EZ Factory vertreten im niederl\u00e4ndischen Pavillon: Stand A34.<\/p>\n<p>Vom 20. bis zum 24. April vertraten Kevin, Sander und Thomas EZ Factory auf der Hannover Messe \u2014 der weltweit gr\u00f6\u00dften Industriemesse. F\u00fcnf Tage lang kn\u00fcpften sie Kontakte mit einem internationalen Publikum und zeigten, wof\u00fcr EZ Factory steht. Eine wertvolle Erfahrung, besonders f\u00fcr unsere Bekanntheit au\u00dferhalb des niederl\u00e4ndischen Marktes.[\/vc_column_text][\/vc_column_inner][\/vc_row_inner][vc_row_inner css=&#8221;.vc_custom_1724951560667{padding-top: 5vh !important;}&#8221;][vc_column_inner width=&#8221;2\/3&#8243; offset=&#8221;vc_col-lg-8 vc_col-md-9&#8243;]\t<div id=\"thb-slidetype-69fb15c8ea03c\" class=\"thb-slidetype \" data-style=\"style2\">\n\t\t\n<h2><span class=\"thb-slidetype-entry\"><span class=\"lines\">Von Hannover in die ganze Welt<\/span><\/span><\/h2>\n\t\t\t<\/div>\n\n\t[vc_column_text css=&#8221;&#8221; animation=&#8221;animation bottom-to-top&#8221;]Die Hannover Messe ist keine gew\u00f6hnliche Messe. Jedes Jahr zieht sie Besucher aus Dutzenden von L\u00e4ndern an, von Produktionsmanagern aus der Benelux bis hin zu Operations Directors aus Asien und Amerika. Es ist ein Ort, an dem man als Unternehmen zeigt, dass man da ist. Dass man auf internationalem Niveau mitspielt.<\/p>\n<p>Vom niederl\u00e4ndischen Pavillon aus standen wir an Stand A34 neben Unternehmen, die, wie wir, glauben, dass die Industrie intelligenter und effizienter werden kann. Eine gute Umgebung, um zu zeigen, wie EZ Factory den Shopfloor digitalisiert, und um zu h\u00f6ren, wie das au\u00dferhalb der Niederlande ankommt.[\/vc_column_text][\/vc_column_inner][\/vc_row_inner][vc_row_inner css=&#8221;.vc_custom_1724951560667{padding-top: 5vh !important;}&#8221;][vc_column_inner width=&#8221;2\/3&#8243; offset=&#8221;vc_col-lg-8 vc_col-md-9&#8243;]\t<div id=\"thb-slidetype-69fb15c8ea072\" class=\"thb-slidetype \" data-style=\"style2\">\n\t\t\n<h2><span class=\"thb-slidetype-entry\"><span class=\"lines\">Die gleiche Herausforderung, \u00fcberall auf der Welt<\/span><\/span><\/h2>\n\t\t\t<\/div>\n\n\t[vc_column_text css=&#8221;&#8221; animation=&#8221;animation bottom-to-top&#8221;]Was uns bei den Gespr\u00e4chen auffiel? Die Probleme auf dem Shopfloor sind \u00fcberall dieselben. Ob man mit einem deutschen, franz\u00f6sischen oder niederl\u00e4ndischen Produktionsteam sprach, die Wiedererkennung war sofort da. Papierbasierte Arbeitsanweisungen, die niemand befolgt. Neue Mitarbeiter, die wochenlang brauchen, um selbstst\u00e4ndig zu arbeiten. Stillst\u00e4nde, die l\u00e4nger dauern als n\u00f6tig, weil die richtigen Informationen nicht zum richtigen Zeitpunkt verf\u00fcgbar sind.<\/p>\n<p>Sobald die Besucher die Live-Demo sahen, eine digitale Arbeitsanweisung, wie sie ein Operator auf dem Shopfloor nutzt, war die Zur\u00fcckhaltung vorbei. Dann kamen die echten Fragen.[\/vc_column_text]\t<div id=\"thb-testimonials-69fb15c8ea0af\" class=\"thb-testimonials thb-testimonial-style7 thb-carousel style7   \" data-columns=\"1\" data-pagination=\"\" data-navigation=\"false\"\n\t\t\t\t\t\t data-autoplay=\"\" data-autoplay-speed=\"4000\" data-fade=\"true\" data-adaptive=\"false\">\n\t\t\t<div class=\"small-12  columns\">\n\t\t\t\t\t\t\t<div class=\"thb-testimonial \">\n\t\t\t\t\t\t\t\t\t\t\t\t\t\t\t\t\t\t\t\t\t\t\t\t<blockquote><p>``Interessant, wir kennen dieses Problem auch, h\u00e4tten aber nicht gedacht, dass es so einfach anzugehen ist``<\/p>\n<\/blockquote>\n\t\t\t\t\t\t\t\t\t\t\t<\/div>\n\t\t\t<\/div>\n\n\t\t<\/div>\n\t[vc_column_text css=&#8221;&#8221; animation=&#8221;animation bottom-to-top&#8221;]Kevin, Sander und Thomas kehrten mit einer wichtigen Best\u00e4tigung zur\u00fcck: Die Sprache ist unterschiedlich, die Gr\u00f6\u00dfenordnung ist gr\u00f6\u00dfer, aber die Herausforderungen auf dem Shopfloor sind universell. Sie kennen keine Landesgrenzen.[\/vc_column_text]\t<div id=\"thb-image-69fb15c8ea22f\" class=\"caption-style1  alignleft   thb_image_link wp-caption \">\n\t\t\t<div class=\"thb-image-inner size_100\">\n\t\t\t<img loading=\"lazy\" decoding=\"async\" width=\"2048\" height=\"1366\" src=\"https:\/\/i0.wp.com\/ezfactory.nl\/wp-content\/uploads\/2026\/05\/Team-EZ-Factory-op-Hannover-Messe-2026.jpeg?fit=2048%2C1366&amp;ssl=1\" class=\"thb_image    attachment-full\" alt=\"\" title=\"Team EZ Factory op Hannover Messe 2026\" \/>\t\t\t\t\t<\/div>\n\t\t\t\t\t<\/div>\n\t[\/vc_column_inner][\/vc_row_inner][vc_row_inner css=&#8221;.vc_custom_1724951560667{padding-top: 5vh !important;}&#8221;][vc_column_inner width=&#8221;1\/2&#8243; offset=&#8221;vc_col-lg-8 vc_col-md-9&#8243;]\t<div id=\"thb-slidetype-69fb15c8ece5a\" class=\"thb-slidetype \" data-style=\"style2\">\n\t\t\n<h2><span class=\"thb-slidetype-entry\"><span class=\"lines\">Was wir gezeigt haben<\/span><\/span><\/h2>\n\t\t\t<\/div>\n\n\t[vc_column_text css=&#8221;&#8221; animation=&#8221;animation bottom-to-top&#8221;]Am Stand drehte sich alles um eine Sache: zeigen, wie es in der Praxis funktioniert. Keine abstrakten Geschichten \u00fcber Digitalisierung, sondern eine Demo davon, wie ein Operator eine Arbeitsanweisung, Checkliste oder Aufgabe \u00f6ffnet, befolgt und abschlie\u00dft \u2014 und wie ein Manager in Echtzeit sieht, was auf dem Shopfloor passiert.<\/p>\n<p>Ein Ansatz, der sich bereits bei Organisationen wie Pally Biscuits, Fresenius und Refresco bew\u00e4hrt. Lesen Sie, wie sie den Schritt gemacht haben:[\/vc_column_text]\t<a id=\"thb-button-69fb15c8ecf25\" class=\"btn style1 medium  accent small-radius    arrow-enabled\" href=\"https:\/\/ezfactory.nl\/de\/case-study-confiserie-napoleon\/\" target=\"_self\" role=\"button\">\n\t\t\t\t\t<span>EZ-GO Journey Confiserie Napoleon<\/span>\n\t<svg xmlns=\"http:\/\/www.w3.org\/2000\/svg\" xmlns:xlink=\"http:\/\/www.w3.org\/1999\/xlink\" x=\"0px\" y=\"0px\"\r\n\t width=\"30px\" height=\"18px\" viewBox=\"0 0 30 18\" enable-background=\"new 0 0 30 18\" xml:space=\"preserve\">\r\n<path class=\"handle\" d=\"M20.305,16.212c-0.407,0.409-0.407,1.071,0,1.479s1.068,0.408,1.476,0l7.914-7.952c0.408-0.409,0.408-1.071,0-1.481\r\n\tl-7.914-7.952c-0.407-0.409-1.068-0.409-1.476,0s-0.407,1.071,0,1.48l7.185,7.221L20.305,16.212z\"\/>\r\n<path class=\"bar\" fill-rule=\"evenodd\" clip-rule=\"evenodd\" d=\"M1,8h28.001c0.551,0,1,0.448,1,1c0,0.553-0.449,1-1,1H1c-0.553,0-1-0.447-1-1\r\n\tC0,8.448,0.447,8,1,8z\"\/>\r\n<\/svg>\r\n\t\t<\/a>\n\t\t\t<a id=\"thb-button-69fb15c8ed000\" class=\"btn style1 medium  accent small-radius    arrow-enabled\" href=\"https:\/\/ezfactory.nl\/de\/case-study-frieslandcampina\/\" target=\"_self\" role=\"button\">\n\t\t\t\t\t<span>EZ-GO Journey FrieslandCampina<\/span>\n\t<svg xmlns=\"http:\/\/www.w3.org\/2000\/svg\" xmlns:xlink=\"http:\/\/www.w3.org\/1999\/xlink\" x=\"0px\" y=\"0px\"\r\n\t width=\"30px\" height=\"18px\" viewBox=\"0 0 30 18\" enable-background=\"new 0 0 30 18\" xml:space=\"preserve\">\r\n<path class=\"handle\" d=\"M20.305,16.212c-0.407,0.409-0.407,1.071,0,1.479s1.068,0.408,1.476,0l7.914-7.952c0.408-0.409,0.408-1.071,0-1.481\r\n\tl-7.914-7.952c-0.407-0.409-1.068-0.409-1.476,0s-0.407,1.071,0,1.48l7.185,7.221L20.305,16.212z\"\/>\r\n<path class=\"bar\" fill-rule=\"evenodd\" clip-rule=\"evenodd\" d=\"M1,8h28.001c0.551,0,1,0.448,1,1c0,0.553-0.449,1-1,1H1c-0.553,0-1-0.447-1-1\r\n\tC0,8.448,0.447,8,1,8z\"\/>\r\n<\/svg>\r\n\t\t<\/a>\n\t\t[\/vc_column_inner][vc_column_inner width=&#8221;1\/2&#8243;][vc_empty_space height=&#8221;30px&#8221;]\t<div id=\"thb-slidetype-69fb15c8ed067\" class=\"thb-slidetype \" data-style=\"style2\">\n\t\t\n<h2><span class=\"thb-slidetype-entry\"><span class=\"lines\">Die Ergebnisse, die wir bei unseren Kunden sehen, sind konsistent<\/span><\/span><\/h2>\n\t\t\t<\/div>\n\n\t\t<div id=\"thb-image-69fb15c8ed0b5\" class=\"caption-style1  alignleft   thb_image_link wp-caption \">\n\t\t\t<div class=\"thb-image-inner size_100\">\n\t\t\t<img loading=\"lazy\" decoding=\"async\" width=\"2000\" height=\"1080\" src=\"https:\/\/i0.wp.com\/ezfactory.nl\/wp-content\/uploads\/2026\/05\/Ergebnisse-EZ-GO.jpg?fit=2000%2C1080&amp;ssl=1\" class=\"thb_image    attachment-full\" alt=\"\" title=\"Ergebnisse EZ-GO\" \/>\t\t\t\t\t<\/div>\n\t\t\t\t\t<\/div>\n\t[\/vc_column_inner][\/vc_row_inner][vc_row_inner css=&#8221;.vc_custom_1724951560667{padding-top: 5vh !important;}&#8221;][vc_column_inner width=&#8221;1\/2&#8243; offset=&#8221;vc_col-lg-8 vc_col-md-9&#8243;]\t<div id=\"thb-slidetype-69fb15c8ee919\" class=\"thb-slidetype \" data-style=\"style2\">\n\t\t\n<h2><span class=\"thb-slidetype-entry\"><span class=\"lines\">F\u00fcnf Tage, viele Erkenntnisse<\/span><\/span><\/h2>\n\t\t\t<\/div>\n\n\t[vc_column_text css=&#8221;&#8221; animation=&#8221;animation bottom-to-top&#8221;]Die Hannover Messe war f\u00fcr uns vor allem eine Chance, EZ Factory auf der internationalen Landkarte zu platzieren. Wir sprachen mit Menschen aus Branchen und L\u00e4ndern, die wir normalerweise weniger gut erreichen, und das allein war schon wertvoll. Der Samen ist ges\u00e4t.<\/p>\n<p>Wir blicken auf f\u00fcnf lehrreiche Tage zur\u00fcck und nehmen die gewonnenen Erkenntnisse mit in den n\u00e4chsten Schritt unseres internationalen Wachstums.[\/vc_column_text]\t<div id=\"thb-slidetype-69fb15c8ee957\" class=\"thb-slidetype \" data-style=\"style2\">\n\t\t\n<h2><span class=\"thb-slidetype-entry\"><span class=\"lines\">Nicht in Hannover dabei gewesen? Wir sprechen gerne mit Ihnen.<\/span><\/span><\/h2>\n\t\t\t<\/div>\n\n\t[vc_column_text css=&#8221;&#8221; animation=&#8221;animation bottom-to-top&#8221;]Haben wir uns auf der Hannover Messe nicht getroffen, oder hatten wir zu wenig Zeit f\u00fcr ein gutes Gespr\u00e4ch? Kein Problem. Wir vereinbaren gerne einen Termin, um Ihre Situation zu besprechen und zu zeigen, was digitale Arbeitsanweisungen f\u00fcr Ihre Produktionsumgebung bedeuten k\u00f6nnen.[\/vc_column_text][vc_column_text css=&#8221;&#8221; animation=&#8221;animation bottom-to-top&#8221;]<strong><a href=\"https:\/\/ezfactory.nl\/de\/kontact\/\">Nehmen Sie Kontakt auf<\/a>\u00a0<\/strong>oder\u00a0<strong><a href=\"https:\/\/ezfactory.nl\/de\/demo-ez-go\/\">fordern Sie eine Demo an<\/a>.<\/strong> Wir kommen gerne zu Ihnen oder zeigen es Ihnen online, ganz wie es Ihnen am besten passt.[\/vc_column_text][\/vc_column_inner][\/vc_row_inner][\/vc_column][\/vc_row][vc_column][\/vc_column][vc_row_inner][\/vc_row_inner]\n<\/div>","protected":false},"excerpt":{"rendered":"<p>[vc_row thb_full_width=&#8221;true&#8221; thb_row_padding=&#8221;true&#8221; thb_column_padding=&#8221;true&#8221; content_placement=&#8221;middle&#8221; thb_scroll_bottom=&#8221;true&#8221; thb_scroll_bottom_style=&#8221;style3&#8243; thb_scroll_bottom_color=&#8221;light&#8221; thb_shape_divider=&#8221;true&#8221; css=&#8221;.vc_custom_1778050993235{padding-top: 25vh !important;padding-bottom: 15vh !important;background: #FFFFFF url(https:\/\/ezfactory.nl\/wp-content\/uploads\/2026\/05\/EZ-Factory-op-Hannover-Messe-2026.jpeg?id=23204) !important;}&#8221; divider_shape=&#8221;triangle&#8221; thb_divider_color=&#8221;#FFFFFF&#8221;][vc_column thb_color=&#8221;thb-light-column&#8221;][vc_row_inner][vc_column_inner thb_color=&#8221;thb-light-column&#8221; offset=&#8221;vc_col-lg-5 vc_col-md-8&#8243;][vc_empty_space height=&#8221;10px&#8221;][\/vc_column_inner][\/vc_row_inner][\/vc_column][\/vc_row][vc_row thb_full_width=&#8221;true&#8221; thb_row_padding=&#8221;true&#8221; thb_column_padding=&#8221;true&#8221; css=&#8221;.vc_custom_1738242875942{padding-top: 5vh !important;padding-bottom: 4vh !important;background-color: #FFFFFF !important;}&#8221;][vc_column][vc_row_inner css=&#8221;.vc_custom_1724951560667{padding-top: 5vh !important;}&#8221;][vc_column_inner width=&#8221;2\/3&#8243; offset=&#8221;vc_col-lg-8 vc_col-md-9&#8243;][vc_column_text css=&#8221;&#8221; animation=&#8221;animation bottom-to-top&#8221;]EZ Factory vertreten im niederl\u00e4ndischen Pavillon: Stand A34. Vom 20. bis zum 24.&hellip;<\/p>\n","protected":false},"author":14,"featured_media":0,"parent":0,"menu_order":0,"comment_status":"closed","ping_status":"closed","template":"","meta":{"footnotes":""},"class_list":["post-23203","page","type-page","status-publish","hentry"],"yoast_head":"<!-- This site is optimized with the Yoast SEO plugin v27.5 - https:\/\/yoast.com\/product\/yoast-seo-wordpress\/ -->\n<title>R\u00fcckblick: Hannover Messe 2026<\/title>\n<meta name=\"description\" content=\"Papierbasierte Anweisungen, langsames Onboarding, unn\u00f6tige Stillst\u00e4nde, auf der Hannover Messe haben wir gezeigt, wie man das angeht. Lesen Sie unseren R\u00fcckblick.\" \/>\n<meta name=\"robots\" content=\"index, follow, max-snippet:-1, max-image-preview:large, max-video-preview:-1\" \/>\n<link rel=\"canonical\" href=\"https:\/\/ezfactory.nl\/de\/rueckblick-hannover-messe-2026\/\" \/>\n<meta property=\"og:locale\" content=\"de_DE\" \/>\n<meta property=\"og:type\" content=\"article\" \/>\n<meta property=\"og:title\" content=\"R\u00fcckblick: Hannover Messe 2026\" \/>\n<meta property=\"og:description\" content=\"Papierbasierte Anweisungen, langsames Onboarding, unn\u00f6tige Stillst\u00e4nde, auf der Hannover Messe haben wir gezeigt, wie man das angeht. Lesen Sie unseren R\u00fcckblick.\" \/>\n<meta property=\"og:url\" content=\"https:\/\/ezfactory.nl\/de\/rueckblick-hannover-messe-2026\/\" \/>\n<meta property=\"og:site_name\" content=\"EZ Factory\" \/>\n<meta property=\"article:publisher\" content=\"https:\/\/www.facebook.com\/EZFactory\/\" \/>\n<meta name=\"twitter:card\" content=\"summary_large_image\" \/>\n<meta name=\"twitter:site\" content=\"@ezfactorynl\" \/>\n<meta name=\"twitter:label1\" content=\"Gesch\u00e4tzte Lesezeit\" \/>\n\t<meta name=\"twitter:data1\" content=\"4 minutes\" \/>\n<script type=\"application\/ld+json\" class=\"yoast-schema-graph\">{\"@context\":\"https:\\\/\\\/schema.org\",\"@graph\":[{\"@type\":\"WebPage\",\"@id\":\"https:\\\/\\\/ezfactory.nl\\\/de\\\/rueckblick-hannover-messe-2026\\\/\",\"url\":\"https:\\\/\\\/ezfactory.nl\\\/de\\\/rueckblick-hannover-messe-2026\\\/\",\"name\":\"R\u00fcckblick: Hannover Messe 2026\",\"isPartOf\":{\"@id\":\"https:\\\/\\\/ezfactory.nl\\\/de\\\/#website\"},\"datePublished\":\"2026-05-06T08:13:34+00:00\",\"description\":\"Papierbasierte Anweisungen, langsames Onboarding, unn\u00f6tige Stillst\u00e4nde, auf der Hannover Messe haben wir gezeigt, wie man das angeht. Lesen Sie unseren R\u00fcckblick.\",\"breadcrumb\":{\"@id\":\"https:\\\/\\\/ezfactory.nl\\\/de\\\/rueckblick-hannover-messe-2026\\\/#breadcrumb\"},\"inLanguage\":\"de-DE\",\"potentialAction\":[{\"@type\":\"ReadAction\",\"target\":[\"https:\\\/\\\/ezfactory.nl\\\/de\\\/rueckblick-hannover-messe-2026\\\/\"]}]},{\"@type\":\"BreadcrumbList\",\"@id\":\"https:\\\/\\\/ezfactory.nl\\\/de\\\/rueckblick-hannover-messe-2026\\\/#breadcrumb\",\"itemListElement\":[{\"@type\":\"ListItem\",\"position\":1,\"name\":\"Home\",\"item\":\"https:\\\/\\\/ezfactory.nl\\\/de\\\/\"},{\"@type\":\"ListItem\",\"position\":2,\"name\":\"R\u00fcckblick: Hannover Messe 2026\"}]},{\"@type\":\"WebSite\",\"@id\":\"https:\\\/\\\/ezfactory.nl\\\/de\\\/#website\",\"url\":\"https:\\\/\\\/ezfactory.nl\\\/de\\\/\",\"name\":\"Easy Factory\",\"description\":\"Digital checklists, tasks, audits &amp; work instructions\",\"publisher\":{\"@id\":\"https:\\\/\\\/ezfactory.nl\\\/de\\\/#organization\"},\"potentialAction\":[{\"@type\":\"SearchAction\",\"target\":{\"@type\":\"EntryPoint\",\"urlTemplate\":\"https:\\\/\\\/ezfactory.nl\\\/de\\\/?s={search_term_string}\"},\"query-input\":{\"@type\":\"PropertyValueSpecification\",\"valueRequired\":true,\"valueName\":\"search_term_string\"}}],\"inLanguage\":\"de-DE\"},{\"@type\":\"Organization\",\"@id\":\"https:\\\/\\\/ezfactory.nl\\\/de\\\/#organization\",\"name\":\"EZ Factory\",\"url\":\"https:\\\/\\\/ezfactory.nl\\\/de\\\/\",\"logo\":{\"@type\":\"ImageObject\",\"inLanguage\":\"de-DE\",\"@id\":\"https:\\\/\\\/ezfactory.nl\\\/de\\\/#\\\/schema\\\/logo\\\/image\\\/\",\"url\":\"https:\\\/\\\/i0.wp.com\\\/ezfactory.nl\\\/wp-content\\\/uploads\\\/2019\\\/02\\\/logo.png?fit=576%2C190&ssl=1\",\"contentUrl\":\"https:\\\/\\\/i0.wp.com\\\/ezfactory.nl\\\/wp-content\\\/uploads\\\/2019\\\/02\\\/logo.png?fit=576%2C190&ssl=1\",\"width\":576,\"height\":190,\"caption\":\"EZ Factory\"},\"image\":{\"@id\":\"https:\\\/\\\/ezfactory.nl\\\/de\\\/#\\\/schema\\\/logo\\\/image\\\/\"},\"sameAs\":[\"https:\\\/\\\/www.facebook.com\\\/EZFactory\\\/\",\"https:\\\/\\\/x.com\\\/ezfactorynl\",\"https:\\\/\\\/www.instagram.com\\\/ezfactorynl\\\/\",\"https:\\\/\\\/nl.linkedin.com\\\/company\\\/ez-factory\",\"https:\\\/\\\/www.youtube.com\\\/channel\\\/UCaEhfWjdc6tuDn4HzYTF1zQ\"]}]}<\/script>\n<!-- \/ Yoast SEO plugin. -->","yoast_head_json":{"title":"R\u00fcckblick: Hannover Messe 2026","description":"Papierbasierte Anweisungen, langsames Onboarding, unn\u00f6tige Stillst\u00e4nde, auf der Hannover Messe haben wir gezeigt, wie man das angeht. Lesen Sie unseren R\u00fcckblick.","robots":{"index":"index","follow":"follow","max-snippet":"max-snippet:-1","max-image-preview":"max-image-preview:large","max-video-preview":"max-video-preview:-1"},"canonical":"https:\/\/ezfactory.nl\/de\/rueckblick-hannover-messe-2026\/","og_locale":"de_DE","og_type":"article","og_title":"R\u00fcckblick: Hannover Messe 2026","og_description":"Papierbasierte Anweisungen, langsames Onboarding, unn\u00f6tige Stillst\u00e4nde, auf der Hannover Messe haben wir gezeigt, wie man das angeht. Lesen Sie unseren R\u00fcckblick.","og_url":"https:\/\/ezfactory.nl\/de\/rueckblick-hannover-messe-2026\/","og_site_name":"EZ Factory","article_publisher":"https:\/\/www.facebook.com\/EZFactory\/","twitter_card":"summary_large_image","twitter_site":"@ezfactorynl","twitter_misc":{"Gesch\u00e4tzte Lesezeit":"4 minutes"},"schema":{"@context":"https:\/\/schema.org","@graph":[{"@type":"WebPage","@id":"https:\/\/ezfactory.nl\/de\/rueckblick-hannover-messe-2026\/","url":"https:\/\/ezfactory.nl\/de\/rueckblick-hannover-messe-2026\/","name":"R\u00fcckblick: Hannover Messe 2026","isPartOf":{"@id":"https:\/\/ezfactory.nl\/de\/#website"},"datePublished":"2026-05-06T08:13:34+00:00","description":"Papierbasierte Anweisungen, langsames Onboarding, unn\u00f6tige Stillst\u00e4nde, auf der Hannover Messe haben wir gezeigt, wie man das angeht. Lesen Sie unseren R\u00fcckblick.","breadcrumb":{"@id":"https:\/\/ezfactory.nl\/de\/rueckblick-hannover-messe-2026\/#breadcrumb"},"inLanguage":"de-DE","potentialAction":[{"@type":"ReadAction","target":["https:\/\/ezfactory.nl\/de\/rueckblick-hannover-messe-2026\/"]}]},{"@type":"BreadcrumbList","@id":"https:\/\/ezfactory.nl\/de\/rueckblick-hannover-messe-2026\/#breadcrumb","itemListElement":[{"@type":"ListItem","position":1,"name":"Home","item":"https:\/\/ezfactory.nl\/de\/"},{"@type":"ListItem","position":2,"name":"R\u00fcckblick: Hannover Messe 2026"}]},{"@type":"WebSite","@id":"https:\/\/ezfactory.nl\/de\/#website","url":"https:\/\/ezfactory.nl\/de\/","name":"Easy Factory","description":"Digital checklists, tasks, audits &amp; work instructions","publisher":{"@id":"https:\/\/ezfactory.nl\/de\/#organization"},"potentialAction":[{"@type":"SearchAction","target":{"@type":"EntryPoint","urlTemplate":"https:\/\/ezfactory.nl\/de\/?s={search_term_string}"},"query-input":{"@type":"PropertyValueSpecification","valueRequired":true,"valueName":"search_term_string"}}],"inLanguage":"de-DE"},{"@type":"Organization","@id":"https:\/\/ezfactory.nl\/de\/#organization","name":"EZ Factory","url":"https:\/\/ezfactory.nl\/de\/","logo":{"@type":"ImageObject","inLanguage":"de-DE","@id":"https:\/\/ezfactory.nl\/de\/#\/schema\/logo\/image\/","url":"https:\/\/i0.wp.com\/ezfactory.nl\/wp-content\/uploads\/2019\/02\/logo.png?fit=576%2C190&ssl=1","contentUrl":"https:\/\/i0.wp.com\/ezfactory.nl\/wp-content\/uploads\/2019\/02\/logo.png?fit=576%2C190&ssl=1","width":576,"height":190,"caption":"EZ Factory"},"image":{"@id":"https:\/\/ezfactory.nl\/de\/#\/schema\/logo\/image\/"},"sameAs":["https:\/\/www.facebook.com\/EZFactory\/","https:\/\/x.com\/ezfactorynl","https:\/\/www.instagram.com\/ezfactorynl\/","https:\/\/nl.linkedin.com\/company\/ez-factory","https:\/\/www.youtube.com\/channel\/UCaEhfWjdc6tuDn4HzYTF1zQ"]}]}},"jetpack_sharing_enabled":true,"_links":{"self":[{"href":"https:\/\/ezfactory.nl\/de\/wp-json\/wp\/v2\/pages\/23203","targetHints":{"allow":["GET"]}}],"collection":[{"href":"https:\/\/ezfactory.nl\/de\/wp-json\/wp\/v2\/pages"}],"about":[{"href":"https:\/\/ezfactory.nl\/de\/wp-json\/wp\/v2\/types\/page"}],"author":[{"embeddable":true,"href":"https:\/\/ezfactory.nl\/de\/wp-json\/wp\/v2\/users\/14"}],"replies":[{"embeddable":true,"href":"https:\/\/ezfactory.nl\/de\/wp-json\/wp\/v2\/comments?post=23203"}],"version-history":[{"count":4,"href":"https:\/\/ezfactory.nl\/de\/wp-json\/wp\/v2\/pages\/23203\/revisions"}],"predecessor-version":[{"id":23239,"href":"https:\/\/ezfactory.nl\/de\/wp-json\/wp\/v2\/pages\/23203\/revisions\/23239"}],"wp:attachment":[{"href":"https:\/\/ezfactory.nl\/de\/wp-json\/wp\/v2\/media?parent=23203"}],"curies":[{"name":"wp","href":"https:\/\/api.w.org\/{rel}","templated":true}]}}