{"id":5389,"date":"2019-08-16T10:49:57","date_gmt":"2019-08-16T08:49:57","guid":{"rendered":"https:\/\/ezfactory.nl\/work-at\/"},"modified":"2024-06-26T11:28:46","modified_gmt":"2024-06-26T10:28:46","slug":"arbeiten-bei","status":"publish","type":"page","link":"https:\/\/ezfactory.nl\/de\/arbeiten-bei\/","title":{"rendered":"Arbeiten bei"},"content":{"rendered":"<div class=\"wpb-content-wrapper\">[vc_row thb_full_width=&#8221;true&#8221; thb_shape_divider=&#8221;true&#8221; css=&#8221;.vc_custom_1517391943110{padding-top: 30vh !important;padding-bottom: 35vh !important;background: #c8d7d6 url(http:\/\/revolution.fuelthemes.net\/revolution-adventure\/wp-content\/uploads\/sites\/2\/2018\/01\/a1.jpg?id=124) !important;background-position: center !important;background-repeat: no-repeat !important;background-size: cover !important;}&#8221; divider_shape=&#8221;waves&#8221; thb_divider_color=&#8221;#ffffff&#8221; thb_divider_height=&#8221;100&#8243; el_class=&#8221;mast-head&#8221;][vc_column][vc_row_inner el_class=&#8221;align-center&#8221;][vc_column_inner thb_color=&#8221;thb-light-column&#8221; el_class=&#8221;text-center&#8221; offset=&#8221;vc_col-lg-5 vc_col-md-7&#8243;][vc_empty_space height=&#8221;22px&#8221;]\t<div id=\"thb-fadetype-69e615499a983\" class=\"thb-fadetype  thb-fadetype-style1\">\n\t\t\n<h1><span class=\"thb-fadetype-entry\">Arbeiten bei EZ Factory<\/span><\/h1>\n\t<\/div>\n\n\t[vc_column_text animation=&#8221;animation bottom-to-top&#8221;]\n<h4>Zur Verwirklichung unserer Ambitionen sind wir stets auf der Suche nach neuen Talenten bei EZ Factory. Wir sehen uns nicht als Arbeiter, sondern als Abenteurer!<\/h4>\n[\/vc_column_text][vc_empty_space height=&#8221;12px&#8221;]\t<div id=\"thb-image-69e615499ab38\" class=\"caption-style1 animation bottom-to-top aligncenter   thb_image_link wp-caption \">\n\t\t\t<div class=\"thb-image-inner size_100\">\n\t\t\t\t\t\t\t\t<\/div>\n\t\t\t\t\t<\/div>\n\t[\/vc_column_inner][\/vc_row_inner][\/vc_column][\/vc_row][vc_row el_class=&#8221;align-center&#8221; css=&#8221;.vc_custom_1517392209613{padding-top: 10vh !important;}&#8221;][vc_column offset=&#8221;vc_col-lg-6 vc_col-md-8&#8243;][vc_row_inner][vc_column_inner el_class=&#8221;text-center&#8221;][vc_empty_space height=&#8221;24px&#8221;]\t<div id=\"thb-fadetype-69e615499ce84\" class=\"thb-fadetype  thb-fadetype-style1\">\n\t\t\n<h2><span class=\"thb-fadetype-entry\">St\u00fcrzen Sie sich gemeinsam mit uns in ein neues Abenteuer!<\/span><\/h2>\n\t<\/div>\n\n\t[vc_empty_space height=&#8221;20px&#8221;][\/vc_column_inner][\/vc_row_inner][vc_column_text animation=&#8221;animation fade-in&#8221;]Eine Anstellung bei EZ Factory bedeutet, dass Sie sofort Einfluss auf den Erfolg und das weitere Wachstum unseres Unternehmens nehmen k\u00f6nnen. Wir bieten unseren Mitarbeitern viel Freiheit f\u00fcr ihre Weiterentwicklung und f\u00fcr ihre Entwicklung innerhalb einer dynamischen und innovativen Arbeitsumgebung auf dem Hightech-Campus in Eindhoven (NL). Wir sorgen daf\u00fcr, dass Unternehmen ihre Qualit\u00e4tsprodukte effizienter und noch besser liefern k\u00f6nnen. Das freut nicht nur uns, sondern vor allem auch unsere Kunden! Dazu k\u00f6nnen Sie Ihren Beitrag leisten. Klingt ziemlich gut, oder?<\/p>\n<p>Vielfalt im Team sorgt f\u00fcr mehr Kreativit\u00e4t und neue Ideen. Deswegen suchen wir kontinuierlich nach motivierten und ambitionierten Talenten mit einer Leidenschaft f\u00fcr Technik, die unsere Kunden bei der Digitalisierung ihrer Produktionsstandorte unterst\u00fctzen k\u00f6nnen. Auch wir haben \u00fcbrigens Ambitionen. Wir streben kontinuierliches Wachstum an und werfen unseren Blick dabei auch \u00fcber unsere Landesgrenzen hinweg. H\u00e4tten Sie Lust, dieses Abenteuer gemeinsam mit uns anzugehen? Dann bewerben Sie sich direkt auf die nachfolgenden freien Stellenangebote oder schicken Sie uns eine E-Mail und lassen Sie uns wissen, warum Sie unser(e) neue(r) Kollege\/Kollegin werden m\u00fcssen!<\/p>\n<p>Talentierte Menschen treffen wir immer gerne. Ist Ihr Traumjob nicht dabei? Dann lassen Sie es uns wissen und sagen Sie uns, warum Sie Teil des EZ Factory-Abenteuers werden m\u00f6chten.[\/vc_column_text][vc_empty_space height=&#8221;12px&#8221;][\/vc_column][\/vc_row][vc_row thb_full_width=&#8221;true&#8221; css=&#8221;.vc_custom_1581066704319{padding-top: 8vh !important;padding-bottom: 8vh !important;background-color: #efefef !important;}&#8221;][vc_column][vc_column_text animation=&#8221;animation bottom-to-top&#8221; el_class=&#8221;text-center&#8221;]\n<h2>Stellenangebote<\/h2>\n[\/vc_column_text][vc_empty_space height=&#8221;60px&#8221;][vc_row_inner][vc_column_inner width=&#8221;1\/3&#8243;]\t<div id=\"thb-image-69e615499cf8a\" class=\"caption-style1  alignleft   thb_image_link wp-caption \">\n\t\t\t<a class=\"\" href=\"https:\/\/ezfactory.nl\/wp-content\/uploads\/2020\/01\/vacature-Senior-Full-Stack.pdf\" target=\"_blank\" title=\"\" data-thb-group=\"\">\n\t\t\t<div class=\"thb-image-inner size_100\">\n\t\t\t<img loading=\"lazy\" decoding=\"async\" width=\"429\" height=\"299\" src=\"image\/gif;base64,R0lGODlhAQABAAAAACH5BAEKAAEALAAAAAABAAEAAAICTAEAOw==\" class=\"thb_image    attachment-full thb-lazyload lazyload\" alt=\"Visual Work Instructions\" title=\"Senior Full-Stack Developer\" data-src=\"https:\/\/i0.wp.com\/ezfactory.nl\/wp-content\/uploads\/2020\/02\/22.jpg?fit=429%2C299&amp;ssl=1\" data-sizes=\"auto\" data-srcset=\"https:\/\/i0.wp.com\/ezfactory.nl\/wp-content\/uploads\/2020\/02\/22.jpg?w=429&amp;ssl=1 429w, https:\/\/i0.wp.com\/ezfactory.nl\/wp-content\/uploads\/2020\/02\/22.jpg?resize=300%2C209&amp;ssl=1 300w, https:\/\/i0.wp.com\/ezfactory.nl\/wp-content\/uploads\/2020\/02\/22.jpg?resize=380%2C265&amp;ssl=1 380w, https:\/\/i0.wp.com\/ezfactory.nl\/wp-content\/uploads\/2020\/02\/22.jpg?resize=20%2C14&amp;ssl=1 20w, https:\/\/i0.wp.com\/ezfactory.nl\/wp-content\/uploads\/2020\/02\/22.jpg?resize=190%2C132&amp;ssl=1 190w\" \/>\t\t\t\t\t<\/div>\n\t\t\t<\/a>\n\t\t\t\t\t<\/div>\n\t[\/vc_column_inner][vc_column_inner width=&#8221;1\/3&#8243;]\t<div id=\"thb-image-69e615499f3ea\" class=\"caption-style1  alignleft   thb_image_link wp-caption \">\n\t\t\t<a class=\"\" href=\"https:\/\/ezfactory.nl\/wp-content\/uploads\/2020\/01\/vacature-Business-Developer.pdf\" target=\"_blank\" title=\"\" data-thb-group=\"\">\n\t\t\t<div class=\"thb-image-inner size_100\">\n\t\t\t<img loading=\"lazy\" decoding=\"async\" width=\"429\" height=\"299\" src=\"image\/gif;base64,R0lGODlhAQABAAAAACH5BAEKAAEALAAAAAABAAEAAAICTAEAOw==\" class=\"thb_image    attachment-full thb-lazyload lazyload\" alt=\"Work Instruction Software\" title=\"Business Developer\" data-src=\"https:\/\/i0.wp.com\/ezfactory.nl\/wp-content\/uploads\/2020\/02\/24-1.jpg?fit=429%2C299&amp;ssl=1\" data-sizes=\"auto\" data-srcset=\"https:\/\/i0.wp.com\/ezfactory.nl\/wp-content\/uploads\/2020\/02\/24-1.jpg?w=429&amp;ssl=1 429w, https:\/\/i0.wp.com\/ezfactory.nl\/wp-content\/uploads\/2020\/02\/24-1.jpg?resize=300%2C209&amp;ssl=1 300w, https:\/\/i0.wp.com\/ezfactory.nl\/wp-content\/uploads\/2020\/02\/24-1.jpg?resize=380%2C265&amp;ssl=1 380w, https:\/\/i0.wp.com\/ezfactory.nl\/wp-content\/uploads\/2020\/02\/24-1.jpg?resize=20%2C14&amp;ssl=1 20w, https:\/\/i0.wp.com\/ezfactory.nl\/wp-content\/uploads\/2020\/02\/24-1.jpg?resize=190%2C132&amp;ssl=1 190w\" \/>\t\t\t\t\t<\/div>\n\t\t\t<\/a>\n\t\t\t\t\t<\/div>\n\t[\/vc_column_inner][vc_column_inner width=&#8221;1\/3&#8243;]\t<div id=\"thb-image-69e61549a18e7\" class=\"caption-style1  alignleft   thb_image_link wp-caption \">\n\t\t\t<a class=\"\" href=\"https:\/\/ezfactory.nl\/wp-content\/uploads\/2020\/01\/vacature-Software-Developer.pdf\" target=\"_blank\" title=\"\" data-thb-group=\"\">\n\t\t\t<div class=\"thb-image-inner size_100\">\n\t\t\t<img loading=\"lazy\" decoding=\"async\" width=\"429\" height=\"299\" src=\"image\/gif;base64,R0lGODlhAQABAAAAACH5BAEKAAEALAAAAAABAAEAAAICTAEAOw==\" class=\"thb_image    attachment-full thb-lazyload lazyload\" alt=\"Continuous Improvement Software\" title=\"Software Developer\" data-src=\"https:\/\/i0.wp.com\/ezfactory.nl\/wp-content\/uploads\/2020\/02\/11.jpg?fit=429%2C299&amp;ssl=1\" data-sizes=\"auto\" data-srcset=\"https:\/\/i0.wp.com\/ezfactory.nl\/wp-content\/uploads\/2020\/02\/11.jpg?w=429&amp;ssl=1 429w, https:\/\/i0.wp.com\/ezfactory.nl\/wp-content\/uploads\/2020\/02\/11.jpg?resize=300%2C209&amp;ssl=1 300w, https:\/\/i0.wp.com\/ezfactory.nl\/wp-content\/uploads\/2020\/02\/11.jpg?resize=380%2C265&amp;ssl=1 380w, https:\/\/i0.wp.com\/ezfactory.nl\/wp-content\/uploads\/2020\/02\/11.jpg?resize=20%2C14&amp;ssl=1 20w, https:\/\/i0.wp.com\/ezfactory.nl\/wp-content\/uploads\/2020\/02\/11.jpg?resize=190%2C132&amp;ssl=1 190w\" \/>\t\t\t\t\t<\/div>\n\t\t\t<\/a>\n\t\t\t\t\t<\/div>\n\t[\/vc_column_inner][\/vc_row_inner][vc_empty_space height=&#8221;80px&#8221;][vc_row_inner el_class=&#8221;align-center&#8221;][vc_column_inner el_class=&#8221;text-center&#8221; offset=&#8221;vc_col-lg-6 vc_col-md-9&#8243;][vc_column_text]\n<p style=\"text-align: center;\">Wir lieben es immer, talentierte Leute zu treffen. Ist Ihr Traumberuf nicht dabei? Teilen Sie uns mit, warum Sie an unserem Abenteuer teilnehmen m\u00f6chten.<\/p>\n[\/vc_column_text][\/vc_column_inner][\/vc_row_inner][\/vc_column][\/vc_row][vc_row thb_full_width=&#8221;true&#8221; thb_shape_divider=&#8221;true&#8221; css=&#8221;.vc_custom_1562594364271{padding-top: 20vh !important;padding-bottom: 35vh !important;background-image: url(http:\/\/revolution.fuelthemes.net\/revolution-adventure\/wp-content\/uploads\/sites\/2\/2018\/01\/adventure_03.jpg?id=121) !important;background-position: center !important;background-repeat: no-repeat !important;background-size: cover !important;}&#8221; divider_shape=&#8221;waves&#8221; thb_divider_color=&#8221;#ffffff&#8221; thb_divider_height=&#8221;80&#8243;][vc_column el_class=&#8221;text-center&#8221;]\t<div class=\"thb_cascading_images \">\n\t\t\t<figure class=\"cascading_image\">\n\t\t<div class=\"cascading_inner animation bottom-to-top\">\n\t\t\t<img decoding=\"async\" src=\"data:image\/gif;base64,R0lGODlhAQABAAAAACH5BAEKAAEALAAAAAABAAEAAAICTAEAOw==\" data-src=\"\" alt=\"\" style=\"transform: translateX(0%) translateY(55%); \" width=\"\" class=\" retina_size lazyload\"\/>\n\t\t<\/div>\n\t<\/figure>\n\t\t<figure class=\"cascading_image\">\n\t\t<div class=\"cascading_inner animation fade-in\">\n\t\t\t<img decoding=\"async\" src=\"data:image\/gif;base64,R0lGODlhAQABAAAAACH5BAEKAAEALAAAAAABAAEAAAICTAEAOw==\" data-src=\"\" alt=\"\" style=\"transform: translateX(0%) translateY(0%); \" width=\"\" class=\" retina_size lazyload\"\/>\n\t\t<\/div>\n\t<\/figure>\n\t\t<\/div>\n\t[vc_empty_space height=&#8221;100px&#8221;]\t<a id=\"thb-button-69e61549a8f71\" class=\"btn style1 x-large  gradient pill-radius animation bottom-to-top align-center  \" href=\"\/de\/kontakt\/\" target=\"_blank\" role=\"button\">\n\t\t\t\t\t<span>Kontakt<\/span>\n\t\t\t<\/a>\n\t\t\t<style>\n\n\t\t\t\t\t\t\t\t\/* Style1 *\/\n\t\t\t\t#thb-button-69e61549a8f71.style1 {\n\t\t\t\t\tbackground:#99bc48;background:linear-gradient( -135deg,#84bc01,#99bc48 );\t\t\t\t}\n\t\t\t\t#thb-button-69e61549a8f71.style1:after {\n\t\t\t\t\tbackground: #84bc01;\n\t\t\t\t}\n\t\t\t\t\t\t\t\t\t\t\t\t\t\t\t\t<\/style>\n\t\t[\/vc_column][\/vc_row][vc_column width=&#8221;1\/3&#8243;][\/vc_column]\n<\/div>","protected":false},"excerpt":{"rendered":"<p>[vc_row thb_full_width=&#8221;true&#8221; thb_shape_divider=&#8221;true&#8221; css=&#8221;.vc_custom_1517391943110{padding-top: 30vh !important;padding-bottom: 35vh !important;background: #c8d7d6 url(http:\/\/revolution.fuelthemes.net\/revolution-adventure\/wp-content\/uploads\/sites\/2\/2018\/01\/a1.jpg?id=124) !important;background-position: center !important;background-repeat: no-repeat !important;background-size: cover !important;}&#8221; divider_shape=&#8221;waves&#8221; thb_divider_color=&#8221;#ffffff&#8221; thb_divider_height=&#8221;100&#8243; el_class=&#8221;mast-head&#8221;][vc_column][vc_row_inner el_class=&#8221;align-center&#8221;][vc_column_inner thb_color=&#8221;thb-light-column&#8221; el_class=&#8221;text-center&#8221; offset=&#8221;vc_col-lg-5 vc_col-md-7&#8243;][vc_empty_space height=&#8221;22px&#8221;][vc_column_text animation=&#8221;animation bottom-to-top&#8221;] Zur Verwirklichung unserer Ambitionen sind wir stets auf der Suche nach neuen Talenten bei EZ Factory. Wir sehen uns nicht als Arbeiter, sondern als Abenteurer! [\/vc_column_text][vc_empty_space&hellip;<\/p>\n","protected":false},"author":19,"featured_media":0,"parent":0,"menu_order":0,"comment_status":"closed","ping_status":"closed","template":"","meta":{"footnotes":""},"class_list":["post-5389","page","type-page","status-publish","hentry"],"yoast_head":"<!-- This site is optimized with the Yoast SEO plugin v27.3 - https:\/\/yoast.com\/product\/yoast-seo-wordpress\/ -->\n<title>Arbeiten Bei und unsere Stellenangebote - EZ Factory<\/title>\n<meta name=\"description\" content=\"Eine Anstellung bei EZ Factory bedeutet, dass Sie sofort Einfluss auf den Erfolg und das weitere Wachstum unseres Unternehmens nehmen k\u00f6nnen.\" \/>\n<meta name=\"robots\" content=\"index, follow, max-snippet:-1, max-image-preview:large, max-video-preview:-1\" \/>\n<link rel=\"canonical\" href=\"https:\/\/ezfactory.nl\/de\/arbeiten-bei\/\" \/>\n<meta property=\"og:locale\" content=\"de_DE\" \/>\n<meta property=\"og:type\" content=\"article\" \/>\n<meta property=\"og:title\" content=\"Arbeiten Bei und unsere Stellenangebote - EZ Factory\" \/>\n<meta property=\"og:description\" content=\"Eine Anstellung bei EZ Factory bedeutet, dass Sie sofort Einfluss auf den Erfolg und das weitere Wachstum unseres Unternehmens nehmen k\u00f6nnen.\" \/>\n<meta property=\"og:url\" content=\"https:\/\/ezfactory.nl\/de\/arbeiten-bei\/\" \/>\n<meta property=\"og:site_name\" content=\"EZ Factory\" \/>\n<meta property=\"article:publisher\" content=\"https:\/\/www.facebook.com\/EZFactory\/\" \/>\n<meta property=\"article:modified_time\" content=\"2024-06-26T10:28:46+00:00\" \/>\n<meta name=\"twitter:card\" content=\"summary_large_image\" \/>\n<meta name=\"twitter:site\" content=\"@ezfactorynl\" \/>\n<meta name=\"twitter:label1\" content=\"Gesch\u00e4tzte Lesezeit\" \/>\n\t<meta name=\"twitter:data1\" content=\"3 minutes\" \/>\n<script type=\"application\/ld+json\" class=\"yoast-schema-graph\">{\"@context\":\"https:\\\/\\\/schema.org\",\"@graph\":[{\"@type\":\"WebPage\",\"@id\":\"https:\\\/\\\/ezfactory.nl\\\/de\\\/arbeiten-bei\\\/\",\"url\":\"https:\\\/\\\/ezfactory.nl\\\/de\\\/arbeiten-bei\\\/\",\"name\":\"Arbeiten Bei und unsere Stellenangebote - EZ Factory\",\"isPartOf\":{\"@id\":\"https:\\\/\\\/ezfactory.nl\\\/de\\\/#website\"},\"datePublished\":\"2019-08-16T08:49:57+00:00\",\"dateModified\":\"2024-06-26T10:28:46+00:00\",\"description\":\"Eine Anstellung bei EZ Factory bedeutet, dass Sie sofort Einfluss auf den Erfolg und das weitere Wachstum unseres Unternehmens nehmen k\u00f6nnen.\",\"breadcrumb\":{\"@id\":\"https:\\\/\\\/ezfactory.nl\\\/de\\\/arbeiten-bei\\\/#breadcrumb\"},\"inLanguage\":\"de-DE\",\"potentialAction\":[{\"@type\":\"ReadAction\",\"target\":[\"https:\\\/\\\/ezfactory.nl\\\/de\\\/arbeiten-bei\\\/\"]}]},{\"@type\":\"BreadcrumbList\",\"@id\":\"https:\\\/\\\/ezfactory.nl\\\/de\\\/arbeiten-bei\\\/#breadcrumb\",\"itemListElement\":[{\"@type\":\"ListItem\",\"position\":1,\"name\":\"Home\",\"item\":\"https:\\\/\\\/ezfactory.nl\\\/de\\\/\"},{\"@type\":\"ListItem\",\"position\":2,\"name\":\"Arbeiten bei\"}]},{\"@type\":\"WebSite\",\"@id\":\"https:\\\/\\\/ezfactory.nl\\\/de\\\/#website\",\"url\":\"https:\\\/\\\/ezfactory.nl\\\/de\\\/\",\"name\":\"Easy Factory\",\"description\":\"Digital checklists, tasks, audits &amp; work instructions\",\"publisher\":{\"@id\":\"https:\\\/\\\/ezfactory.nl\\\/de\\\/#organization\"},\"potentialAction\":[{\"@type\":\"SearchAction\",\"target\":{\"@type\":\"EntryPoint\",\"urlTemplate\":\"https:\\\/\\\/ezfactory.nl\\\/de\\\/?s={search_term_string}\"},\"query-input\":{\"@type\":\"PropertyValueSpecification\",\"valueRequired\":true,\"valueName\":\"search_term_string\"}}],\"inLanguage\":\"de-DE\"},{\"@type\":\"Organization\",\"@id\":\"https:\\\/\\\/ezfactory.nl\\\/de\\\/#organization\",\"name\":\"EZ Factory\",\"url\":\"https:\\\/\\\/ezfactory.nl\\\/de\\\/\",\"logo\":{\"@type\":\"ImageObject\",\"inLanguage\":\"de-DE\",\"@id\":\"https:\\\/\\\/ezfactory.nl\\\/de\\\/#\\\/schema\\\/logo\\\/image\\\/\",\"url\":\"https:\\\/\\\/i0.wp.com\\\/ezfactory.nl\\\/wp-content\\\/uploads\\\/2019\\\/02\\\/logo.png?fit=576%2C190&ssl=1\",\"contentUrl\":\"https:\\\/\\\/i0.wp.com\\\/ezfactory.nl\\\/wp-content\\\/uploads\\\/2019\\\/02\\\/logo.png?fit=576%2C190&ssl=1\",\"width\":576,\"height\":190,\"caption\":\"EZ Factory\"},\"image\":{\"@id\":\"https:\\\/\\\/ezfactory.nl\\\/de\\\/#\\\/schema\\\/logo\\\/image\\\/\"},\"sameAs\":[\"https:\\\/\\\/www.facebook.com\\\/EZFactory\\\/\",\"https:\\\/\\\/x.com\\\/ezfactorynl\",\"https:\\\/\\\/www.instagram.com\\\/ezfactorynl\\\/\",\"https:\\\/\\\/nl.linkedin.com\\\/company\\\/ez-factory\",\"https:\\\/\\\/www.youtube.com\\\/channel\\\/UCaEhfWjdc6tuDn4HzYTF1zQ\"]}]}<\/script>\n<!-- \/ Yoast SEO plugin. -->","yoast_head_json":{"title":"Arbeiten Bei und unsere Stellenangebote - EZ Factory","description":"Eine Anstellung bei EZ Factory bedeutet, dass Sie sofort Einfluss auf den Erfolg und das weitere Wachstum unseres Unternehmens nehmen k\u00f6nnen.","robots":{"index":"index","follow":"follow","max-snippet":"max-snippet:-1","max-image-preview":"max-image-preview:large","max-video-preview":"max-video-preview:-1"},"canonical":"https:\/\/ezfactory.nl\/de\/arbeiten-bei\/","og_locale":"de_DE","og_type":"article","og_title":"Arbeiten Bei und unsere Stellenangebote - EZ Factory","og_description":"Eine Anstellung bei EZ Factory bedeutet, dass Sie sofort Einfluss auf den Erfolg und das weitere Wachstum unseres Unternehmens nehmen k\u00f6nnen.","og_url":"https:\/\/ezfactory.nl\/de\/arbeiten-bei\/","og_site_name":"EZ Factory","article_publisher":"https:\/\/www.facebook.com\/EZFactory\/","article_modified_time":"2024-06-26T10:28:46+00:00","twitter_card":"summary_large_image","twitter_site":"@ezfactorynl","twitter_misc":{"Gesch\u00e4tzte Lesezeit":"3 minutes"},"schema":{"@context":"https:\/\/schema.org","@graph":[{"@type":"WebPage","@id":"https:\/\/ezfactory.nl\/de\/arbeiten-bei\/","url":"https:\/\/ezfactory.nl\/de\/arbeiten-bei\/","name":"Arbeiten Bei und unsere Stellenangebote - EZ Factory","isPartOf":{"@id":"https:\/\/ezfactory.nl\/de\/#website"},"datePublished":"2019-08-16T08:49:57+00:00","dateModified":"2024-06-26T10:28:46+00:00","description":"Eine Anstellung bei EZ Factory bedeutet, dass Sie sofort Einfluss auf den Erfolg und das weitere Wachstum unseres Unternehmens nehmen k\u00f6nnen.","breadcrumb":{"@id":"https:\/\/ezfactory.nl\/de\/arbeiten-bei\/#breadcrumb"},"inLanguage":"de-DE","potentialAction":[{"@type":"ReadAction","target":["https:\/\/ezfactory.nl\/de\/arbeiten-bei\/"]}]},{"@type":"BreadcrumbList","@id":"https:\/\/ezfactory.nl\/de\/arbeiten-bei\/#breadcrumb","itemListElement":[{"@type":"ListItem","position":1,"name":"Home","item":"https:\/\/ezfactory.nl\/de\/"},{"@type":"ListItem","position":2,"name":"Arbeiten bei"}]},{"@type":"WebSite","@id":"https:\/\/ezfactory.nl\/de\/#website","url":"https:\/\/ezfactory.nl\/de\/","name":"Easy Factory","description":"Digital checklists, tasks, audits &amp; work instructions","publisher":{"@id":"https:\/\/ezfactory.nl\/de\/#organization"},"potentialAction":[{"@type":"SearchAction","target":{"@type":"EntryPoint","urlTemplate":"https:\/\/ezfactory.nl\/de\/?s={search_term_string}"},"query-input":{"@type":"PropertyValueSpecification","valueRequired":true,"valueName":"search_term_string"}}],"inLanguage":"de-DE"},{"@type":"Organization","@id":"https:\/\/ezfactory.nl\/de\/#organization","name":"EZ Factory","url":"https:\/\/ezfactory.nl\/de\/","logo":{"@type":"ImageObject","inLanguage":"de-DE","@id":"https:\/\/ezfactory.nl\/de\/#\/schema\/logo\/image\/","url":"https:\/\/i0.wp.com\/ezfactory.nl\/wp-content\/uploads\/2019\/02\/logo.png?fit=576%2C190&ssl=1","contentUrl":"https:\/\/i0.wp.com\/ezfactory.nl\/wp-content\/uploads\/2019\/02\/logo.png?fit=576%2C190&ssl=1","width":576,"height":190,"caption":"EZ Factory"},"image":{"@id":"https:\/\/ezfactory.nl\/de\/#\/schema\/logo\/image\/"},"sameAs":["https:\/\/www.facebook.com\/EZFactory\/","https:\/\/x.com\/ezfactorynl","https:\/\/www.instagram.com\/ezfactorynl\/","https:\/\/nl.linkedin.com\/company\/ez-factory","https:\/\/www.youtube.com\/channel\/UCaEhfWjdc6tuDn4HzYTF1zQ"]}]}},"jetpack_sharing_enabled":true,"_links":{"self":[{"href":"https:\/\/ezfactory.nl\/de\/wp-json\/wp\/v2\/pages\/5389","targetHints":{"allow":["GET"]}}],"collection":[{"href":"https:\/\/ezfactory.nl\/de\/wp-json\/wp\/v2\/pages"}],"about":[{"href":"https:\/\/ezfactory.nl\/de\/wp-json\/wp\/v2\/types\/page"}],"author":[{"embeddable":true,"href":"https:\/\/ezfactory.nl\/de\/wp-json\/wp\/v2\/users\/19"}],"replies":[{"embeddable":true,"href":"https:\/\/ezfactory.nl\/de\/wp-json\/wp\/v2\/comments?post=5389"}],"version-history":[{"count":8,"href":"https:\/\/ezfactory.nl\/de\/wp-json\/wp\/v2\/pages\/5389\/revisions"}],"predecessor-version":[{"id":14230,"href":"https:\/\/ezfactory.nl\/de\/wp-json\/wp\/v2\/pages\/5389\/revisions\/14230"}],"wp:attachment":[{"href":"https:\/\/ezfactory.nl\/de\/wp-json\/wp\/v2\/media?parent=5389"}],"curies":[{"name":"wp","href":"https:\/\/api.w.org\/{rel}","templated":true}]}}