{"id":5523,"date":"2019-12-30T15:04:41","date_gmt":"2019-12-30T14:04:41","guid":{"rendered":"https:\/\/ezfactory.nl\/marc-duizer\/"},"modified":"2022-05-11T09:17:18","modified_gmt":"2022-05-11T08:17:18","slug":"marc-duizer","status":"publish","type":"page","link":"https:\/\/ezfactory.nl\/de\/marc-duizer\/","title":{"rendered":"Marc Duizer"},"content":{"rendered":"<div class=\"wpb-content-wrapper\">[vc_row thb_full_width=&#8221;true&#8221; css=&#8221;.vc_custom_1558721129159{padding-top: 250px !important;padding-bottom: 80px !important;background-image: url(https:\/\/ezfactory.nl\/wp-content\/uploads\/2019\/05\/architecture-blur-building-257636.jpg?id=1658) !important;}&#8221;][vc_column][vc_column_text]\n<h1 style=\"text-align: center;\"><span style=\"color: #ffffff;\">Marc Duizer | EZ Factory<\/span><\/h1>\n<p style=\"text-align: center;\"><span style=\"color: #ffffff;\">Chief Technology Officer<\/span><\/p>\n[\/vc_column_text][\/vc_column][\/vc_row][vc_row content_placement=&#8221;middle&#8221; el_class=&#8221;align-justify&#8221; css=&#8221;.vc_custom_1558720275737{padding-top: 0px !important;}&#8221;][vc_column width=&#8221;5\/12&#8243; css=&#8221;.vc_custom_1518257616119{padding-bottom: 8vh !important;}&#8221;]\t<div id=\"thb-slidetype-69ec74c841b03\" class=\"thb-slidetype \" data-style=\"style1\">\n\t\t\n<h6><\/h6>\n\t\t\t<\/div>\n\n\t[vc_empty_space height=&#8221;25px&#8221;]\t<div id=\"thb-slidetype-69ec74c841ba2\" class=\"thb-slidetype \" data-style=\"style1\">\n\t\t\n<h2><span class=\"thb-slidetype-entry\"><span class=\"lines\">Marc wird die Bed\u00fcrfnisse der Bediener in visuelle, standardisierte und benutzerfreundliche Apps \u00fcbersetzen.<\/span><\/span><\/h2>\n\t\t\t<\/div>\n\n\t[vc_empty_space height=&#8221;20px&#8221;][vc_column_text animation=&#8221;animation fade-in&#8221;]Technologiespezialist, engagierter und leidenschaftlicher Mensch mit Auge f\u00fcr Innovation, offen f\u00fcr Infrastrukturherausforderungen und ein gutes Gesp\u00fcr f\u00fcr die zuk\u00fcnftige Entwicklung und Vision.<br \/>\nEr ist in der Lage, Konzepte in funktionierende und skalierbare L\u00f6sungen umzusetzen. Sein Antrieb ist, leistungsstarke technische Teams zu bilden, die aus mehreren Disziplinen bestehen, und die Markteinf\u00fchrungszeit auf effiziente Weise zu verl\u00e4ngern.<\/p>\n<p>Seine nachgewiesene Expertise im Bereich fortlaufender Integration, Bereitstellung und Innovationen in Unternehmensumgebungen wird dazu beitragen, Ihre Erfahrung mit EZ Factory-Apps zu verbessern.[\/vc_column_text][vc_empty_space height=&#8221;10px&#8221;][\/vc_column][vc_column width=&#8221;1\/2&#8243;][vc_empty_space height=&#8221;50px&#8221;][vc_single_image image=&#8221;5377&#8243; img_size=&#8221;full&#8221; css_animation=&#8221;fadeInRight&#8221;][\/vc_column][\/vc_row]\n<\/div>","protected":false},"excerpt":{"rendered":"<p>[vc_row thb_full_width=&#8221;true&#8221; css=&#8221;.vc_custom_1558721129159{padding-top: 250px !important;padding-bottom: 80px !important;background-image: url(https:\/\/ezfactory.nl\/wp-content\/uploads\/2019\/05\/architecture-blur-building-257636.jpg?id=1658) !important;}&#8221;][vc_column][vc_column_text] Marc Duizer | EZ Factory Chief Technology Officer [\/vc_column_text][\/vc_column][\/vc_row][vc_row content_placement=&#8221;middle&#8221; el_class=&#8221;align-justify&#8221; css=&#8221;.vc_custom_1558720275737{padding-top: 0px !important;}&#8221;][vc_column width=&#8221;5\/12&#8243; css=&#8221;.vc_custom_1518257616119{padding-bottom: 8vh !important;}&#8221;][vc_empty_space height=&#8221;25px&#8221;][vc_empty_space height=&#8221;20px&#8221;][vc_column_text animation=&#8221;animation fade-in&#8221;]Technologiespezialist, engagierter und leidenschaftlicher Mensch mit Auge f\u00fcr Innovation, offen f\u00fcr Infrastrukturherausforderungen und ein gutes Gesp\u00fcr f\u00fcr die zuk\u00fcnftige Entwicklung und Vision. Er ist in&hellip;<\/p>\n","protected":false},"author":19,"featured_media":0,"parent":0,"menu_order":0,"comment_status":"closed","ping_status":"closed","template":"","meta":{"footnotes":""},"class_list":["post-5523","page","type-page","status-publish","hentry"],"yoast_head":"<!-- This site is optimized with the Yoast SEO plugin v27.4 - https:\/\/yoast.com\/product\/yoast-seo-wordpress\/ -->\n<title>Marc Duizer | EZ Factory | Chief Technology Officer<\/title>\n<meta name=\"description\" content=\"Marc Duizer wird die Bed\u00fcrfnisse der Bediener in visuelle, standardisierte und benutzerfreundliche Apps \u00fcbersetzen f\u00fcr Fabriken Weltweit.\" \/>\n<meta name=\"robots\" content=\"index, follow, max-snippet:-1, max-image-preview:large, max-video-preview:-1\" \/>\n<link rel=\"canonical\" href=\"https:\/\/ezfactory.nl\/de\/marc-duizer\/\" \/>\n<meta property=\"og:locale\" content=\"de_DE\" \/>\n<meta property=\"og:type\" content=\"article\" \/>\n<meta property=\"og:title\" content=\"Marc Duizer | EZ Factory | Chief Technology Officer\" \/>\n<meta property=\"og:description\" content=\"Marc Duizer wird die Bed\u00fcrfnisse der Bediener in visuelle, standardisierte und benutzerfreundliche Apps \u00fcbersetzen f\u00fcr Fabriken Weltweit.\" \/>\n<meta property=\"og:url\" content=\"https:\/\/ezfactory.nl\/de\/marc-duizer\/\" \/>\n<meta property=\"og:site_name\" content=\"EZ Factory\" \/>\n<meta property=\"article:publisher\" content=\"https:\/\/www.facebook.com\/EZFactory\/\" \/>\n<meta property=\"article:modified_time\" content=\"2022-05-11T08:17:18+00:00\" \/>\n<meta name=\"twitter:card\" content=\"summary_large_image\" \/>\n<meta name=\"twitter:site\" content=\"@ezfactorynl\" \/>\n<meta name=\"twitter:label1\" content=\"Gesch\u00e4tzte Lesezeit\" \/>\n\t<meta name=\"twitter:data1\" content=\"1 minute\" \/>\n<script type=\"application\/ld+json\" class=\"yoast-schema-graph\">{\"@context\":\"https:\\\/\\\/schema.org\",\"@graph\":[{\"@type\":\"WebPage\",\"@id\":\"https:\\\/\\\/ezfactory.nl\\\/de\\\/marc-duizer\\\/\",\"url\":\"https:\\\/\\\/ezfactory.nl\\\/de\\\/marc-duizer\\\/\",\"name\":\"Marc Duizer | EZ Factory | Chief Technology Officer\",\"isPartOf\":{\"@id\":\"https:\\\/\\\/ezfactory.nl\\\/de\\\/#website\"},\"datePublished\":\"2019-12-30T14:04:41+00:00\",\"dateModified\":\"2022-05-11T08:17:18+00:00\",\"description\":\"Marc Duizer wird die Bed\u00fcrfnisse der Bediener in visuelle, standardisierte und benutzerfreundliche Apps \u00fcbersetzen f\u00fcr Fabriken Weltweit.\",\"breadcrumb\":{\"@id\":\"https:\\\/\\\/ezfactory.nl\\\/de\\\/marc-duizer\\\/#breadcrumb\"},\"inLanguage\":\"de-DE\",\"potentialAction\":[{\"@type\":\"ReadAction\",\"target\":[\"https:\\\/\\\/ezfactory.nl\\\/de\\\/marc-duizer\\\/\"]}]},{\"@type\":\"BreadcrumbList\",\"@id\":\"https:\\\/\\\/ezfactory.nl\\\/de\\\/marc-duizer\\\/#breadcrumb\",\"itemListElement\":[{\"@type\":\"ListItem\",\"position\":1,\"name\":\"Home\",\"item\":\"https:\\\/\\\/ezfactory.nl\\\/de\\\/\"},{\"@type\":\"ListItem\",\"position\":2,\"name\":\"Marc Duizer\"}]},{\"@type\":\"WebSite\",\"@id\":\"https:\\\/\\\/ezfactory.nl\\\/de\\\/#website\",\"url\":\"https:\\\/\\\/ezfactory.nl\\\/de\\\/\",\"name\":\"Easy Factory\",\"description\":\"Digital checklists, tasks, audits &amp; work instructions\",\"publisher\":{\"@id\":\"https:\\\/\\\/ezfactory.nl\\\/de\\\/#organization\"},\"potentialAction\":[{\"@type\":\"SearchAction\",\"target\":{\"@type\":\"EntryPoint\",\"urlTemplate\":\"https:\\\/\\\/ezfactory.nl\\\/de\\\/?s={search_term_string}\"},\"query-input\":{\"@type\":\"PropertyValueSpecification\",\"valueRequired\":true,\"valueName\":\"search_term_string\"}}],\"inLanguage\":\"de-DE\"},{\"@type\":\"Organization\",\"@id\":\"https:\\\/\\\/ezfactory.nl\\\/de\\\/#organization\",\"name\":\"EZ Factory\",\"url\":\"https:\\\/\\\/ezfactory.nl\\\/de\\\/\",\"logo\":{\"@type\":\"ImageObject\",\"inLanguage\":\"de-DE\",\"@id\":\"https:\\\/\\\/ezfactory.nl\\\/de\\\/#\\\/schema\\\/logo\\\/image\\\/\",\"url\":\"https:\\\/\\\/i0.wp.com\\\/ezfactory.nl\\\/wp-content\\\/uploads\\\/2019\\\/02\\\/logo.png?fit=576%2C190&ssl=1\",\"contentUrl\":\"https:\\\/\\\/i0.wp.com\\\/ezfactory.nl\\\/wp-content\\\/uploads\\\/2019\\\/02\\\/logo.png?fit=576%2C190&ssl=1\",\"width\":576,\"height\":190,\"caption\":\"EZ Factory\"},\"image\":{\"@id\":\"https:\\\/\\\/ezfactory.nl\\\/de\\\/#\\\/schema\\\/logo\\\/image\\\/\"},\"sameAs\":[\"https:\\\/\\\/www.facebook.com\\\/EZFactory\\\/\",\"https:\\\/\\\/x.com\\\/ezfactorynl\",\"https:\\\/\\\/www.instagram.com\\\/ezfactorynl\\\/\",\"https:\\\/\\\/nl.linkedin.com\\\/company\\\/ez-factory\",\"https:\\\/\\\/www.youtube.com\\\/channel\\\/UCaEhfWjdc6tuDn4HzYTF1zQ\"]}]}<\/script>\n<!-- \/ Yoast SEO plugin. -->","yoast_head_json":{"title":"Marc Duizer | EZ Factory | Chief Technology Officer","description":"Marc Duizer wird die Bed\u00fcrfnisse der Bediener in visuelle, standardisierte und benutzerfreundliche Apps \u00fcbersetzen f\u00fcr Fabriken Weltweit.","robots":{"index":"index","follow":"follow","max-snippet":"max-snippet:-1","max-image-preview":"max-image-preview:large","max-video-preview":"max-video-preview:-1"},"canonical":"https:\/\/ezfactory.nl\/de\/marc-duizer\/","og_locale":"de_DE","og_type":"article","og_title":"Marc Duizer | EZ Factory | Chief Technology Officer","og_description":"Marc Duizer wird die Bed\u00fcrfnisse der Bediener in visuelle, standardisierte und benutzerfreundliche Apps \u00fcbersetzen f\u00fcr Fabriken Weltweit.","og_url":"https:\/\/ezfactory.nl\/de\/marc-duizer\/","og_site_name":"EZ Factory","article_publisher":"https:\/\/www.facebook.com\/EZFactory\/","article_modified_time":"2022-05-11T08:17:18+00:00","twitter_card":"summary_large_image","twitter_site":"@ezfactorynl","twitter_misc":{"Gesch\u00e4tzte Lesezeit":"1 minute"},"schema":{"@context":"https:\/\/schema.org","@graph":[{"@type":"WebPage","@id":"https:\/\/ezfactory.nl\/de\/marc-duizer\/","url":"https:\/\/ezfactory.nl\/de\/marc-duizer\/","name":"Marc Duizer | EZ Factory | Chief Technology Officer","isPartOf":{"@id":"https:\/\/ezfactory.nl\/de\/#website"},"datePublished":"2019-12-30T14:04:41+00:00","dateModified":"2022-05-11T08:17:18+00:00","description":"Marc Duizer wird die Bed\u00fcrfnisse der Bediener in visuelle, standardisierte und benutzerfreundliche Apps \u00fcbersetzen f\u00fcr Fabriken Weltweit.","breadcrumb":{"@id":"https:\/\/ezfactory.nl\/de\/marc-duizer\/#breadcrumb"},"inLanguage":"de-DE","potentialAction":[{"@type":"ReadAction","target":["https:\/\/ezfactory.nl\/de\/marc-duizer\/"]}]},{"@type":"BreadcrumbList","@id":"https:\/\/ezfactory.nl\/de\/marc-duizer\/#breadcrumb","itemListElement":[{"@type":"ListItem","position":1,"name":"Home","item":"https:\/\/ezfactory.nl\/de\/"},{"@type":"ListItem","position":2,"name":"Marc Duizer"}]},{"@type":"WebSite","@id":"https:\/\/ezfactory.nl\/de\/#website","url":"https:\/\/ezfactory.nl\/de\/","name":"Easy Factory","description":"Digital checklists, tasks, audits &amp; work instructions","publisher":{"@id":"https:\/\/ezfactory.nl\/de\/#organization"},"potentialAction":[{"@type":"SearchAction","target":{"@type":"EntryPoint","urlTemplate":"https:\/\/ezfactory.nl\/de\/?s={search_term_string}"},"query-input":{"@type":"PropertyValueSpecification","valueRequired":true,"valueName":"search_term_string"}}],"inLanguage":"de-DE"},{"@type":"Organization","@id":"https:\/\/ezfactory.nl\/de\/#organization","name":"EZ Factory","url":"https:\/\/ezfactory.nl\/de\/","logo":{"@type":"ImageObject","inLanguage":"de-DE","@id":"https:\/\/ezfactory.nl\/de\/#\/schema\/logo\/image\/","url":"https:\/\/i0.wp.com\/ezfactory.nl\/wp-content\/uploads\/2019\/02\/logo.png?fit=576%2C190&ssl=1","contentUrl":"https:\/\/i0.wp.com\/ezfactory.nl\/wp-content\/uploads\/2019\/02\/logo.png?fit=576%2C190&ssl=1","width":576,"height":190,"caption":"EZ Factory"},"image":{"@id":"https:\/\/ezfactory.nl\/de\/#\/schema\/logo\/image\/"},"sameAs":["https:\/\/www.facebook.com\/EZFactory\/","https:\/\/x.com\/ezfactorynl","https:\/\/www.instagram.com\/ezfactorynl\/","https:\/\/nl.linkedin.com\/company\/ez-factory","https:\/\/www.youtube.com\/channel\/UCaEhfWjdc6tuDn4HzYTF1zQ"]}]}},"jetpack_sharing_enabled":true,"_links":{"self":[{"href":"https:\/\/ezfactory.nl\/de\/wp-json\/wp\/v2\/pages\/5523","targetHints":{"allow":["GET"]}}],"collection":[{"href":"https:\/\/ezfactory.nl\/de\/wp-json\/wp\/v2\/pages"}],"about":[{"href":"https:\/\/ezfactory.nl\/de\/wp-json\/wp\/v2\/types\/page"}],"author":[{"embeddable":true,"href":"https:\/\/ezfactory.nl\/de\/wp-json\/wp\/v2\/users\/19"}],"replies":[{"embeddable":true,"href":"https:\/\/ezfactory.nl\/de\/wp-json\/wp\/v2\/comments?post=5523"}],"version-history":[{"count":4,"href":"https:\/\/ezfactory.nl\/de\/wp-json\/wp\/v2\/pages\/5523\/revisions"}],"predecessor-version":[{"id":13629,"href":"https:\/\/ezfactory.nl\/de\/wp-json\/wp\/v2\/pages\/5523\/revisions\/13629"}],"wp:attachment":[{"href":"https:\/\/ezfactory.nl\/de\/wp-json\/wp\/v2\/media?parent=5523"}],"curies":[{"name":"wp","href":"https:\/\/api.w.org\/{rel}","templated":true}]}}