{"id":5561,"date":"2019-05-24T17:49:09","date_gmt":"2019-05-24T17:49:09","guid":{"rendered":"https:\/\/ezfactory.nl\/randy-appiah\/"},"modified":"2023-07-18T08:20:32","modified_gmt":"2023-07-18T07:20:32","slug":"randy-appiah","status":"publish","type":"page","link":"https:\/\/ezfactory.nl\/de\/randy-appiah\/","title":{"rendered":"Randy Appiah"},"content":{"rendered":"<div class=\"wpb-content-wrapper\">[vc_row thb_full_width=&#8221;true&#8221; css=&#8221;.vc_custom_1558721129159{padding-top: 250px !important;padding-bottom: 80px !important;background-image: url(https:\/\/ezfactory.nl\/wp-content\/uploads\/2019\/05\/architecture-blur-building-257636.jpg?id=1658) !important;}&#8221;][vc_column][vc_column_text]\n<h1 style=\"text-align: center;\"><span style=\"color: #ffffff;\">Randy Appiah | EZ Factory<\/span><\/h1>\n<p style=\"text-align: center;\"><span style=\"color: #ffffff;\">CO Founder<\/span><\/p>\n[\/vc_column_text][\/vc_column][\/vc_row][vc_row content_placement=&#8221;middle&#8221; el_class=&#8221;align-justify&#8221; css=&#8221;.vc_custom_1558720275737{padding-top: 0px !important;}&#8221;][vc_column width=&#8221;5\/12&#8243; css=&#8221;.vc_custom_1518257616119{padding-bottom: 8vh !important;}&#8221;]\t<div id=\"thb-slidetype-69eb6891c7d96\" class=\"thb-slidetype \" data-style=\"style1\">\n\t\t\n<h6><span class=\"thb-slidetype-entry\"><span class=\"lines\"><\/span><\/span><\/h6>\n\t\t\t<\/div>\n\n\t[vc_empty_space height=&#8221;25px&#8221;]\t<div id=\"thb-slidetype-69eb6891c7e0b\" class=\"thb-slidetype \" data-style=\"style1\">\n\t\t\n<h2><span class=\"thb-slidetype-entry\"><span class=\"lines\">Ein Profi mit jahrelanger Erfahrung in Produktionsunternehmen und im Supply Chain Management, der Einfachheit liebt.<\/span><\/span><\/h2>\n\t\t\t<\/div>\n\n\t[vc_empty_space height=&#8221;10px&#8221;][vc_column_text animation=&#8221;animation fade-in&#8221;]<span style=\"color: #5d5d5d;\">Seine Faszination liegt darin, Produktionsunternehmen auf ihrem Weg hin zu Operational Excellence zu unterst\u00fctzen. Er ist engagiert, ergebnisorientiert und vor allem ein Profi mit Spezialisierungen in den Bereichen Operational Excellence, Business Improvement, Kulturver\u00e4nderung, Coaching und strategische Entwicklung. Dar\u00fcber hinaus hat Randy viele Jahre im Ausland gearbeitet, z. B. in: S\u00fcdkorea, Vietnam, Deutschland und Belgien. Er war dabei in diversen Branchen aktiv, u. a. in der Automobil-, Chemie-, Nahrungsmittel- und Stahlindustrie.\u00a0<\/span>[\/vc_column_text][vc_empty_space height=&#8221;10px&#8221;][\/vc_column][vc_column width=&#8221;1\/2&#8243;][vc_empty_space height=&#8221;50px&#8221;][vc_single_image image=&#8221;5280&#8243; img_size=&#8221;full&#8221; css_animation=&#8221;fadeInRight&#8221;][\/vc_column][\/vc_row]\n<\/div>","protected":false},"excerpt":{"rendered":"<p>[vc_row thb_full_width=&#8221;true&#8221; css=&#8221;.vc_custom_1558721129159{padding-top: 250px !important;padding-bottom: 80px !important;background-image: url(https:\/\/ezfactory.nl\/wp-content\/uploads\/2019\/05\/architecture-blur-building-257636.jpg?id=1658) !important;}&#8221;][vc_column][vc_column_text] Randy Appiah | EZ Factory CO Founder [\/vc_column_text][\/vc_column][\/vc_row][vc_row content_placement=&#8221;middle&#8221; el_class=&#8221;align-justify&#8221; css=&#8221;.vc_custom_1558720275737{padding-top: 0px !important;}&#8221;][vc_column width=&#8221;5\/12&#8243; css=&#8221;.vc_custom_1518257616119{padding-bottom: 8vh !important;}&#8221;][vc_empty_space height=&#8221;25px&#8221;][vc_empty_space height=&#8221;10px&#8221;][vc_column_text animation=&#8221;animation fade-in&#8221;]Seine Faszination liegt darin, Produktionsunternehmen auf ihrem Weg hin zu Operational Excellence zu unterst\u00fctzen. Er ist engagiert, ergebnisorientiert und vor allem ein Profi mit Spezialisierungen in&hellip;<\/p>\n","protected":false},"author":19,"featured_media":0,"parent":0,"menu_order":0,"comment_status":"closed","ping_status":"closed","template":"","meta":{"footnotes":""},"class_list":["post-5561","page","type-page","status-publish","hentry"],"yoast_head":"<!-- This site is optimized with the Yoast SEO plugin v27.4 - https:\/\/yoast.com\/product\/yoast-seo-wordpress\/ -->\n<title>Randy Appiah | EZ Factory | Gr\u00fcnder und Inhaber<\/title>\n<meta name=\"description\" content=\"Ein Profi mit jahrelanger Erfahrung in Produktionsunternehmen und im Supply Chain Management, der Einfachheit von L\u00f6sungen liebt.\" \/>\n<meta name=\"robots\" content=\"index, follow, max-snippet:-1, max-image-preview:large, max-video-preview:-1\" \/>\n<link rel=\"canonical\" href=\"https:\/\/ezfactory.nl\/de\/randy-appiah\/\" \/>\n<meta property=\"og:locale\" content=\"de_DE\" \/>\n<meta property=\"og:type\" content=\"article\" \/>\n<meta property=\"og:title\" content=\"Randy Appiah | EZ Factory | Gr\u00fcnder und Inhaber\" \/>\n<meta property=\"og:description\" content=\"Ein Profi mit jahrelanger Erfahrung in Produktionsunternehmen und im Supply Chain Management, der Einfachheit von L\u00f6sungen liebt.\" \/>\n<meta property=\"og:url\" content=\"https:\/\/ezfactory.nl\/de\/randy-appiah\/\" \/>\n<meta property=\"og:site_name\" content=\"EZ Factory\" \/>\n<meta property=\"article:publisher\" content=\"https:\/\/www.facebook.com\/EZFactory\/\" \/>\n<meta property=\"article:modified_time\" content=\"2023-07-18T07:20:32+00:00\" \/>\n<meta name=\"twitter:card\" content=\"summary_large_image\" \/>\n<meta name=\"twitter:site\" content=\"@ezfactorynl\" \/>\n<meta name=\"twitter:label1\" content=\"Gesch\u00e4tzte Lesezeit\" \/>\n\t<meta name=\"twitter:data1\" content=\"1 minute\" \/>\n<script type=\"application\/ld+json\" class=\"yoast-schema-graph\">{\"@context\":\"https:\\\/\\\/schema.org\",\"@graph\":[{\"@type\":\"WebPage\",\"@id\":\"https:\\\/\\\/ezfactory.nl\\\/de\\\/randy-appiah\\\/\",\"url\":\"https:\\\/\\\/ezfactory.nl\\\/de\\\/randy-appiah\\\/\",\"name\":\"Randy Appiah | EZ Factory | Gr\u00fcnder und Inhaber\",\"isPartOf\":{\"@id\":\"https:\\\/\\\/ezfactory.nl\\\/de\\\/#website\"},\"datePublished\":\"2019-05-24T17:49:09+00:00\",\"dateModified\":\"2023-07-18T07:20:32+00:00\",\"description\":\"Ein Profi mit jahrelanger Erfahrung in Produktionsunternehmen und im Supply Chain Management, der Einfachheit von L\u00f6sungen liebt.\",\"breadcrumb\":{\"@id\":\"https:\\\/\\\/ezfactory.nl\\\/de\\\/randy-appiah\\\/#breadcrumb\"},\"inLanguage\":\"de-DE\",\"potentialAction\":[{\"@type\":\"ReadAction\",\"target\":[\"https:\\\/\\\/ezfactory.nl\\\/de\\\/randy-appiah\\\/\"]}]},{\"@type\":\"BreadcrumbList\",\"@id\":\"https:\\\/\\\/ezfactory.nl\\\/de\\\/randy-appiah\\\/#breadcrumb\",\"itemListElement\":[{\"@type\":\"ListItem\",\"position\":1,\"name\":\"Home\",\"item\":\"https:\\\/\\\/ezfactory.nl\\\/de\\\/\"},{\"@type\":\"ListItem\",\"position\":2,\"name\":\"Randy Appiah\"}]},{\"@type\":\"WebSite\",\"@id\":\"https:\\\/\\\/ezfactory.nl\\\/de\\\/#website\",\"url\":\"https:\\\/\\\/ezfactory.nl\\\/de\\\/\",\"name\":\"Easy Factory\",\"description\":\"Digital checklists, tasks, audits &amp; work instructions\",\"publisher\":{\"@id\":\"https:\\\/\\\/ezfactory.nl\\\/de\\\/#organization\"},\"potentialAction\":[{\"@type\":\"SearchAction\",\"target\":{\"@type\":\"EntryPoint\",\"urlTemplate\":\"https:\\\/\\\/ezfactory.nl\\\/de\\\/?s={search_term_string}\"},\"query-input\":{\"@type\":\"PropertyValueSpecification\",\"valueRequired\":true,\"valueName\":\"search_term_string\"}}],\"inLanguage\":\"de-DE\"},{\"@type\":\"Organization\",\"@id\":\"https:\\\/\\\/ezfactory.nl\\\/de\\\/#organization\",\"name\":\"EZ Factory\",\"url\":\"https:\\\/\\\/ezfactory.nl\\\/de\\\/\",\"logo\":{\"@type\":\"ImageObject\",\"inLanguage\":\"de-DE\",\"@id\":\"https:\\\/\\\/ezfactory.nl\\\/de\\\/#\\\/schema\\\/logo\\\/image\\\/\",\"url\":\"https:\\\/\\\/i0.wp.com\\\/ezfactory.nl\\\/wp-content\\\/uploads\\\/2019\\\/02\\\/logo.png?fit=576%2C190&ssl=1\",\"contentUrl\":\"https:\\\/\\\/i0.wp.com\\\/ezfactory.nl\\\/wp-content\\\/uploads\\\/2019\\\/02\\\/logo.png?fit=576%2C190&ssl=1\",\"width\":576,\"height\":190,\"caption\":\"EZ Factory\"},\"image\":{\"@id\":\"https:\\\/\\\/ezfactory.nl\\\/de\\\/#\\\/schema\\\/logo\\\/image\\\/\"},\"sameAs\":[\"https:\\\/\\\/www.facebook.com\\\/EZFactory\\\/\",\"https:\\\/\\\/x.com\\\/ezfactorynl\",\"https:\\\/\\\/www.instagram.com\\\/ezfactorynl\\\/\",\"https:\\\/\\\/nl.linkedin.com\\\/company\\\/ez-factory\",\"https:\\\/\\\/www.youtube.com\\\/channel\\\/UCaEhfWjdc6tuDn4HzYTF1zQ\"]}]}<\/script>\n<!-- \/ Yoast SEO plugin. -->","yoast_head_json":{"title":"Randy Appiah | EZ Factory | Gr\u00fcnder und Inhaber","description":"Ein Profi mit jahrelanger Erfahrung in Produktionsunternehmen und im Supply Chain Management, der Einfachheit von L\u00f6sungen liebt.","robots":{"index":"index","follow":"follow","max-snippet":"max-snippet:-1","max-image-preview":"max-image-preview:large","max-video-preview":"max-video-preview:-1"},"canonical":"https:\/\/ezfactory.nl\/de\/randy-appiah\/","og_locale":"de_DE","og_type":"article","og_title":"Randy Appiah | EZ Factory | Gr\u00fcnder und Inhaber","og_description":"Ein Profi mit jahrelanger Erfahrung in Produktionsunternehmen und im Supply Chain Management, der Einfachheit von L\u00f6sungen liebt.","og_url":"https:\/\/ezfactory.nl\/de\/randy-appiah\/","og_site_name":"EZ Factory","article_publisher":"https:\/\/www.facebook.com\/EZFactory\/","article_modified_time":"2023-07-18T07:20:32+00:00","twitter_card":"summary_large_image","twitter_site":"@ezfactorynl","twitter_misc":{"Gesch\u00e4tzte Lesezeit":"1 minute"},"schema":{"@context":"https:\/\/schema.org","@graph":[{"@type":"WebPage","@id":"https:\/\/ezfactory.nl\/de\/randy-appiah\/","url":"https:\/\/ezfactory.nl\/de\/randy-appiah\/","name":"Randy Appiah | EZ Factory | Gr\u00fcnder und Inhaber","isPartOf":{"@id":"https:\/\/ezfactory.nl\/de\/#website"},"datePublished":"2019-05-24T17:49:09+00:00","dateModified":"2023-07-18T07:20:32+00:00","description":"Ein Profi mit jahrelanger Erfahrung in Produktionsunternehmen und im Supply Chain Management, der Einfachheit von L\u00f6sungen liebt.","breadcrumb":{"@id":"https:\/\/ezfactory.nl\/de\/randy-appiah\/#breadcrumb"},"inLanguage":"de-DE","potentialAction":[{"@type":"ReadAction","target":["https:\/\/ezfactory.nl\/de\/randy-appiah\/"]}]},{"@type":"BreadcrumbList","@id":"https:\/\/ezfactory.nl\/de\/randy-appiah\/#breadcrumb","itemListElement":[{"@type":"ListItem","position":1,"name":"Home","item":"https:\/\/ezfactory.nl\/de\/"},{"@type":"ListItem","position":2,"name":"Randy Appiah"}]},{"@type":"WebSite","@id":"https:\/\/ezfactory.nl\/de\/#website","url":"https:\/\/ezfactory.nl\/de\/","name":"Easy Factory","description":"Digital checklists, tasks, audits &amp; work instructions","publisher":{"@id":"https:\/\/ezfactory.nl\/de\/#organization"},"potentialAction":[{"@type":"SearchAction","target":{"@type":"EntryPoint","urlTemplate":"https:\/\/ezfactory.nl\/de\/?s={search_term_string}"},"query-input":{"@type":"PropertyValueSpecification","valueRequired":true,"valueName":"search_term_string"}}],"inLanguage":"de-DE"},{"@type":"Organization","@id":"https:\/\/ezfactory.nl\/de\/#organization","name":"EZ Factory","url":"https:\/\/ezfactory.nl\/de\/","logo":{"@type":"ImageObject","inLanguage":"de-DE","@id":"https:\/\/ezfactory.nl\/de\/#\/schema\/logo\/image\/","url":"https:\/\/i0.wp.com\/ezfactory.nl\/wp-content\/uploads\/2019\/02\/logo.png?fit=576%2C190&ssl=1","contentUrl":"https:\/\/i0.wp.com\/ezfactory.nl\/wp-content\/uploads\/2019\/02\/logo.png?fit=576%2C190&ssl=1","width":576,"height":190,"caption":"EZ Factory"},"image":{"@id":"https:\/\/ezfactory.nl\/de\/#\/schema\/logo\/image\/"},"sameAs":["https:\/\/www.facebook.com\/EZFactory\/","https:\/\/x.com\/ezfactorynl","https:\/\/www.instagram.com\/ezfactorynl\/","https:\/\/nl.linkedin.com\/company\/ez-factory","https:\/\/www.youtube.com\/channel\/UCaEhfWjdc6tuDn4HzYTF1zQ"]}]}},"jetpack_sharing_enabled":true,"_links":{"self":[{"href":"https:\/\/ezfactory.nl\/de\/wp-json\/wp\/v2\/pages\/5561","targetHints":{"allow":["GET"]}}],"collection":[{"href":"https:\/\/ezfactory.nl\/de\/wp-json\/wp\/v2\/pages"}],"about":[{"href":"https:\/\/ezfactory.nl\/de\/wp-json\/wp\/v2\/types\/page"}],"author":[{"embeddable":true,"href":"https:\/\/ezfactory.nl\/de\/wp-json\/wp\/v2\/users\/19"}],"replies":[{"embeddable":true,"href":"https:\/\/ezfactory.nl\/de\/wp-json\/wp\/v2\/comments?post=5561"}],"version-history":[{"count":5,"href":"https:\/\/ezfactory.nl\/de\/wp-json\/wp\/v2\/pages\/5561\/revisions"}],"predecessor-version":[{"id":14956,"href":"https:\/\/ezfactory.nl\/de\/wp-json\/wp\/v2\/pages\/5561\/revisions\/14956"}],"wp:attachment":[{"href":"https:\/\/ezfactory.nl\/de\/wp-json\/wp\/v2\/media?parent=5561"}],"curies":[{"name":"wp","href":"https:\/\/api.w.org\/{rel}","templated":true}]}}