{"id":5859,"date":"2020-01-22T12:23:46","date_gmt":"2020-01-22T11:23:46","guid":{"rendered":"https:\/\/ezfactory.nl\/privacy-statement\/"},"modified":"2024-08-14T15:12:25","modified_gmt":"2024-08-14T14:12:25","slug":"datenschutzerklaerung","status":"publish","type":"page","link":"https:\/\/ezfactory.nl\/de\/datenschutzerklaerung\/","title":{"rendered":"Datenschutzerkl\u00e4rung"},"content":{"rendered":"<div class=\"wpb-content-wrapper\">[vc_row][vc_column width=&#8221;2\/3&#8243;][vc_column_text css=&#8221;&#8221;]\n<h1>Datenschutzerkl\u00e4rung EZ Factory B.V.<\/h1>\n<p>Im Rahmen seiner Dienstleistungen verarbeitet www.ezfactory.nl datenschutzrelevante oder personenbezogene Daten. EZ Factory B.V. respektiert die Privatsph\u00e4re seiner Kunden und geht bei der Verarbeitung und dem Schutz personenbezogener Daten mit der gebotenen Sorgfalt vor. Bei der Datenverarbeitung halten wir uns an die Vorgaben der geltenden Datenschutzgesetze.<\/p>\n<p>Das bedeutet, dass wir:<\/p>\n<ul>\n<li>in dieser Datenschutzerkl\u00e4rung unsere Absichten klar darlegen, bevor wir personenbezogene Daten verarbeiten;<\/li>\n<li>die Erhebung personenbezogener Daten auf die Daten beschr\u00e4nken, die wir f\u00fcr legitime Zwecke ben\u00f6tigen;<\/li>\n<li>wo erforderlich zuerst die ausdr\u00fcckliche Zustimmung zur Verarbeitung Ihrer personenbezogenen Daten einholen;<\/li>\n<li>geeignete Sicherheitsma\u00dfnahmen ergreifen, um Ihre personenbezogenen Daten zu sch\u00fctzen, und dasselbe auch von den Parteien verlangen, die in unserem Auftrag personenbezogene Daten verarbeiten;<\/li>\n<li>Ihr Recht auf Einsicht, Berichtigung oder L\u00f6schung Ihrer bei uns gespeicherten personenbezogenen Daten respektieren.<\/li>\n<\/ul>\n<p>EZ Factory B.V. ist verantwortlich f\u00fcr die gesamte Datenverarbeitung. In dieser Datenschutzerkl\u00e4rung wird erl\u00e4utert, welche personenbezogenen Daten wir zu welchen Zwecken erfassen. Wir empfehlen Ihnen, dieses Dokument sorgf\u00e4ltig zu lesen.<\/p>\n<p>Diese Datenschutzerkl\u00e4rung wurde zuletzt am 21.05.2019 aktualisiert.<\/p>\n<h2><strong>Verwendung personenbezogener Daten<\/strong><\/h2>\n<p>Wenn Sie unsere Dienste nutzen, stellen Sie uns bestimmte Daten zur Verf\u00fcgung. Diese Daten k\u00f6nnten personenbezogen sein. Wir speichern und verwenden nur die personenbezogenen Daten, die uns direkt von Ihnen zur Verf\u00fcgung gestellt wurden oder bei denen deutlich ist, dass sie uns zur Verarbeitung \u00fcbergeben wurden.<\/p>\n<p>Folgende Daten verwenden wir zu den in dieser Datenschutzerkl\u00e4rung genannten Zwecken:<\/p>\n<ul>\n<li>Namen<\/li>\n<li>Firmennamen<\/li>\n<li>Funktionen<\/li>\n<li>Mobiltelefonnummern<\/li>\n<li>E-Mail-Adressen<\/li>\n<li>L\u00e4nder<\/li>\n<\/ul>\n<h2><strong>Werbung<\/strong><\/h2>\n<p>Abgesehen von der Werbung auf der Website informieren wir Sie auch wie folgt \u00fcber neue Produkte oder Dienstleistungen:<\/p>\n<ul>\n<li>per E-Mail<\/li>\n<\/ul>\n<h2><strong>Kontaktformular und Newsletter<\/strong><\/h2>\n<p>Wir informieren Interessierte mit einem Newsletter \u00fcber unsere Produkte und\/oder Dienstleistungen. Jeder Newsletter enth\u00e4lt einen Link, mit dem Sie sich von unserem Newsletter abmelden k\u00f6nnen. Ihre E-Mail-Adresse wird nur mit Ihrer ausdr\u00fccklichen Zustimmung in die Abonnentenliste aufgenommen. Wenn Sie auf unserer Website ein Kontaktformular ausf\u00fcllen oder uns eine E-Mail senden, speichern wir die von Ihnen angegebenen Daten je nach Art des Formulars oder des Inhalts Ihrer E-Mail so lange wie n\u00f6tig, um Ihre Nachricht oder E-Mail vollst\u00e4ndig zu beantworten und ordnungsgem\u00e4\u00df zu bearbeiten. Wir sind berechtigt, Daten l\u00e4nger aufzubewahren, wenn wir gesetzlich dazu verpflichtet sind.<\/p>\n<p><strong>Ver\u00f6ffentlichung<\/strong><br \/>\nIhre Kundendaten werden nicht ver\u00f6ffentlicht.<\/p>\n<p><strong>Weitergabe von Daten an Dritte<\/strong><br \/>\nIhre Daten werden nicht an Dritte weitergegeben, es sei denn, dies ist zur Vertragserf\u00fcllung oder im Rahmen einer gesetzlichen Verpflichtung erforderlich.<\/p>\n<p><strong>Cookies<\/strong><br \/>\nUnsere Website verwendet Cookies, um Informationen \u00fcber Ihren Browser zu speichern und abzurufen. Cookies haben verschiedene Funktionen. Technische und funktionelle Cookies sorgen daf\u00fcr, dass die Website so aussieht, funktioniert und \u201esich so anf\u00fchlt\u201c, wie es unsere Besucher erwarten. Andere Cookies personalisieren zum Beispiel Ihr Web-Erlebnis, indem Sie auf Ihre Interessen abgestimmte Werbung sehen.<\/p>\n<p><strong>Google Analytics<\/strong><br \/>\nWir verwenden Google Analytics, um Informationen \u00fcber die Besucher unserer Website zu erhalten und Berichte dar\u00fcber zu erstellen, wie diese Besucher unsere Website nutzen. Wir haben die Vereinbarung zur Datenverarbeitung von Google akzeptiert. Wir gestatten Google nicht, die durch Analytics gewonnenen Informationen f\u00fcr andere Google-Dienste zu verwenden, und anonymisieren au\u00dferdem die IP-Adressen.<\/p>\n<p><strong>Sicherheit<\/strong><br \/>\nWir treffen Sicherheitsma\u00dfnahmen, um den Missbrauch von und den unbefugten Zugriff auf personenbezogene Daten zu verhindern.<\/p>\n<p><strong>Websites von Dritten<\/strong><br \/>\nDiese Erkl\u00e4rung gilt nicht f\u00fcr Websites Dritter, die \u00fcber Links mit dieser Website verbunden sind. Wir k\u00f6nnen nicht garantieren, dass Ihre personenbezogenen Daten von diesen Drittparteien auf sichere und sorgf\u00e4ltige Weise behandelt werden. Wir empfehlen Ihnen, die Datenschutzerkl\u00e4rungen dieser Websites zu lesen, bevor Sie diese Websites nutzen.<\/p>\n<p><strong>\u00c4nderungen dieser Datenschutzerkl\u00e4rung<\/strong><br \/>\nWir behalten uns das Recht vor, diese Erkl\u00e4rung zu \u00e4ndern. Wir empfehlen Ihnen, diese Erkl\u00e4rung regelm\u00e4\u00dfig zu \u00fcberpr\u00fcfen, damit Sie \u00fcber etwaige \u00c4nderungen Bescheid wissen.<\/p>\n<p><strong>Einsicht und \u00c4nderung Ihrer Daten<\/strong><br \/>\nSie haben ein Recht, Ihre personenbezogenen Daten einzusehen. Wenn die Daten falsch oder nicht mehr relevant sind, k\u00f6nnen Sie eine Berichtigung oder L\u00f6schung Ihrer personenbezogenen Daten beantragen. Sie haben das Recht, der Verarbeitung Ihrer personenbezogenen Daten zu widersprechen. Sie haben das Recht, eine Kopie Ihrer Daten in einem g\u00e4ngigen, maschinenlesbaren Format zu erhalten, um diese an eine andere Organisation weiterzugeben. Wenn Sie der Meinung sind, dass wir Ihre personenbezogenen Daten in einer Weise verarbeiten, die gegen die geltenden Datenschutzvorschriften verst\u00f6\u00dft, haben Sie das Recht, bei der zust\u00e4ndigen Datenschutzbeh\u00f6rde eine Beschwerde einzureichen. Sie haben das Recht, Ihre Zustimmung zur Verarbeitung jeglicher Daten zu widerrufen. Dadurch wird die Rechtm\u00e4\u00dfigkeit der bereits erfolgten Verarbeitungen nicht ber\u00fchrt.<\/p>\n<p>Wir verwenden verschiedene Tools von Drittanbietern, um die Bed\u00fcrfnisse unserer Nutzer besser zu verstehen und unsere Dienste und das Web-Erlebnis zu optimieren. Anhand von Nutzer-Feedback und Verhaltensmustern beim Surfen auf unserer Website k\u00f6nnen wir unsere Dienste pflegen und weiterentwickeln. Deshalb verwenden wir Cookies und andere Technologien, um Informationen \u00fcber das Verhalten unserer Nutzer und ihre Ger\u00e4te zu sammeln (insbesondere die IP-Adresse des Ger\u00e4ts (die nur in anonymisierter Form erfasst und gespeichert wird), die Bildschirmgr\u00f6\u00dfe des Ger\u00e4ts, den Ger\u00e4tetyp (eindeutige Ger\u00e4tekennungen), Browserinformationen, den geografischen Standort (nur das Land) und die bevorzugte Sprache, in der unsere Website angezeigt wird). Diese Daten werden in einem pseudonymisierten Nutzerprofil gespeichert. Unsere Drittanbieter und wir verwenden diese Informationen niemals, um einzelne Nutzer zu identifizieren oder sie mit weiteren Daten \u00fcber einen einzelnen Nutzer abzugleichen.<\/p>\n<p><strong>Kontaktinformation<\/strong><br \/>\nEZ Factory B.V.<br \/>\nMahatma Gandhilaan 6<br \/>\n5653 AE Eindhoven<br \/>\ninfo@ezfactory.nl[\/vc_column_text][vc_raw_html]JTNDc2NyaXB0JTIwaWQlM0QlMjJDb29raWVEZWNsYXJhdGlvbiUyMiUyMHNyYyUzRCUyMmh0dHBzJTNBJTJGJTJGY29uc2VudC5jb29raWVib3QuY29tJTJGOTBkMGRhZWYtYTJlZi00MTI0LTk2NWMtZjA0ZTBjZGM5YjNjJTJGY2QuanMlMjIlMjB0eXBlJTNEJTIydGV4dCUyRmphdmFzY3JpcHQlMjIlMjBhc3luYyUzRSUzQyUyRnNjcmlwdCUzRQ==[\/vc_raw_html][\/vc_column][\/vc_row]\n<\/div>","protected":false},"excerpt":{"rendered":"<p>[vc_row][vc_column width=&#8221;2\/3&#8243;][vc_column_text css=&#8221;&#8221;] Datenschutzerkl\u00e4rung EZ Factory B.V. Im Rahmen seiner Dienstleistungen verarbeitet www.ezfactory.nl datenschutzrelevante oder personenbezogene Daten. EZ Factory B.V. respektiert die Privatsph\u00e4re seiner Kunden und geht bei der Verarbeitung und dem Schutz personenbezogener Daten mit der gebotenen Sorgfalt vor. Bei der Datenverarbeitung halten wir uns an die Vorgaben der geltenden Datenschutzgesetze. Das bedeutet, dass&hellip;<\/p>\n","protected":false},"author":19,"featured_media":0,"parent":0,"menu_order":0,"comment_status":"closed","ping_status":"closed","template":"","meta":{"footnotes":""},"class_list":["post-5859","page","type-page","status-publish","hentry"],"yoast_head":"<!-- This site is optimized with the Yoast SEO plugin v27.3 - https:\/\/yoast.com\/product\/yoast-seo-wordpress\/ -->\n<title>Datenschutzerkl\u00e4rung | EZ Factory<\/title>\n<meta name=\"description\" content=\"EZ Factory respektiert die Privatsph\u00e4re seiner Kunden und geht bei der Verarbeitung und dem Schutz personenbezogener Daten mit der gebotenen Sorgfalt vor.\" \/>\n<meta name=\"robots\" content=\"index, follow, max-snippet:-1, max-image-preview:large, max-video-preview:-1\" \/>\n<link rel=\"canonical\" href=\"https:\/\/ezfactory.nl\/de\/datenschutzerklaerung\/\" \/>\n<meta property=\"og:locale\" content=\"de_DE\" \/>\n<meta property=\"og:type\" content=\"article\" \/>\n<meta property=\"og:title\" content=\"Datenschutzerkl\u00e4rung | EZ Factory\" \/>\n<meta property=\"og:description\" content=\"EZ Factory respektiert die Privatsph\u00e4re seiner Kunden und geht bei der Verarbeitung und dem Schutz personenbezogener Daten mit der gebotenen Sorgfalt vor.\" \/>\n<meta property=\"og:url\" content=\"https:\/\/ezfactory.nl\/de\/datenschutzerklaerung\/\" \/>\n<meta property=\"og:site_name\" content=\"EZ Factory\" \/>\n<meta property=\"article:publisher\" content=\"https:\/\/www.facebook.com\/EZFactory\/\" \/>\n<meta property=\"article:modified_time\" content=\"2024-08-14T14:12:25+00:00\" \/>\n<meta name=\"twitter:card\" content=\"summary_large_image\" \/>\n<meta name=\"twitter:site\" content=\"@ezfactorynl\" \/>\n<meta name=\"twitter:label1\" content=\"Gesch\u00e4tzte Lesezeit\" \/>\n\t<meta name=\"twitter:data1\" content=\"5 minutes\" \/>\n<script type=\"application\/ld+json\" class=\"yoast-schema-graph\">{\"@context\":\"https:\\\/\\\/schema.org\",\"@graph\":[{\"@type\":\"WebPage\",\"@id\":\"https:\\\/\\\/ezfactory.nl\\\/de\\\/datenschutzerklaerung\\\/\",\"url\":\"https:\\\/\\\/ezfactory.nl\\\/de\\\/datenschutzerklaerung\\\/\",\"name\":\"Datenschutzerkl\u00e4rung | EZ Factory\",\"isPartOf\":{\"@id\":\"https:\\\/\\\/ezfactory.nl\\\/de\\\/#website\"},\"datePublished\":\"2020-01-22T11:23:46+00:00\",\"dateModified\":\"2024-08-14T14:12:25+00:00\",\"description\":\"EZ Factory respektiert die Privatsph\u00e4re seiner Kunden und geht bei der Verarbeitung und dem Schutz personenbezogener Daten mit der gebotenen Sorgfalt vor.\",\"breadcrumb\":{\"@id\":\"https:\\\/\\\/ezfactory.nl\\\/de\\\/datenschutzerklaerung\\\/#breadcrumb\"},\"inLanguage\":\"de-DE\",\"potentialAction\":[{\"@type\":\"ReadAction\",\"target\":[\"https:\\\/\\\/ezfactory.nl\\\/de\\\/datenschutzerklaerung\\\/\"]}]},{\"@type\":\"BreadcrumbList\",\"@id\":\"https:\\\/\\\/ezfactory.nl\\\/de\\\/datenschutzerklaerung\\\/#breadcrumb\",\"itemListElement\":[{\"@type\":\"ListItem\",\"position\":1,\"name\":\"Home\",\"item\":\"https:\\\/\\\/ezfactory.nl\\\/de\\\/\"},{\"@type\":\"ListItem\",\"position\":2,\"name\":\"Datenschutzerkl\u00e4rung\"}]},{\"@type\":\"WebSite\",\"@id\":\"https:\\\/\\\/ezfactory.nl\\\/de\\\/#website\",\"url\":\"https:\\\/\\\/ezfactory.nl\\\/de\\\/\",\"name\":\"Easy Factory\",\"description\":\"Digital checklists, tasks, audits &amp; work instructions\",\"publisher\":{\"@id\":\"https:\\\/\\\/ezfactory.nl\\\/de\\\/#organization\"},\"potentialAction\":[{\"@type\":\"SearchAction\",\"target\":{\"@type\":\"EntryPoint\",\"urlTemplate\":\"https:\\\/\\\/ezfactory.nl\\\/de\\\/?s={search_term_string}\"},\"query-input\":{\"@type\":\"PropertyValueSpecification\",\"valueRequired\":true,\"valueName\":\"search_term_string\"}}],\"inLanguage\":\"de-DE\"},{\"@type\":\"Organization\",\"@id\":\"https:\\\/\\\/ezfactory.nl\\\/de\\\/#organization\",\"name\":\"EZ Factory\",\"url\":\"https:\\\/\\\/ezfactory.nl\\\/de\\\/\",\"logo\":{\"@type\":\"ImageObject\",\"inLanguage\":\"de-DE\",\"@id\":\"https:\\\/\\\/ezfactory.nl\\\/de\\\/#\\\/schema\\\/logo\\\/image\\\/\",\"url\":\"https:\\\/\\\/i0.wp.com\\\/ezfactory.nl\\\/wp-content\\\/uploads\\\/2019\\\/02\\\/logo.png?fit=576%2C190&ssl=1\",\"contentUrl\":\"https:\\\/\\\/i0.wp.com\\\/ezfactory.nl\\\/wp-content\\\/uploads\\\/2019\\\/02\\\/logo.png?fit=576%2C190&ssl=1\",\"width\":576,\"height\":190,\"caption\":\"EZ Factory\"},\"image\":{\"@id\":\"https:\\\/\\\/ezfactory.nl\\\/de\\\/#\\\/schema\\\/logo\\\/image\\\/\"},\"sameAs\":[\"https:\\\/\\\/www.facebook.com\\\/EZFactory\\\/\",\"https:\\\/\\\/x.com\\\/ezfactorynl\",\"https:\\\/\\\/www.instagram.com\\\/ezfactorynl\\\/\",\"https:\\\/\\\/nl.linkedin.com\\\/company\\\/ez-factory\",\"https:\\\/\\\/www.youtube.com\\\/channel\\\/UCaEhfWjdc6tuDn4HzYTF1zQ\"]}]}<\/script>\n<!-- \/ Yoast SEO plugin. -->","yoast_head_json":{"title":"Datenschutzerkl\u00e4rung | EZ Factory","description":"EZ Factory respektiert die Privatsph\u00e4re seiner Kunden und geht bei der Verarbeitung und dem Schutz personenbezogener Daten mit der gebotenen Sorgfalt vor.","robots":{"index":"index","follow":"follow","max-snippet":"max-snippet:-1","max-image-preview":"max-image-preview:large","max-video-preview":"max-video-preview:-1"},"canonical":"https:\/\/ezfactory.nl\/de\/datenschutzerklaerung\/","og_locale":"de_DE","og_type":"article","og_title":"Datenschutzerkl\u00e4rung | EZ Factory","og_description":"EZ Factory respektiert die Privatsph\u00e4re seiner Kunden und geht bei der Verarbeitung und dem Schutz personenbezogener Daten mit der gebotenen Sorgfalt vor.","og_url":"https:\/\/ezfactory.nl\/de\/datenschutzerklaerung\/","og_site_name":"EZ Factory","article_publisher":"https:\/\/www.facebook.com\/EZFactory\/","article_modified_time":"2024-08-14T14:12:25+00:00","twitter_card":"summary_large_image","twitter_site":"@ezfactorynl","twitter_misc":{"Gesch\u00e4tzte Lesezeit":"5 minutes"},"schema":{"@context":"https:\/\/schema.org","@graph":[{"@type":"WebPage","@id":"https:\/\/ezfactory.nl\/de\/datenschutzerklaerung\/","url":"https:\/\/ezfactory.nl\/de\/datenschutzerklaerung\/","name":"Datenschutzerkl\u00e4rung | EZ Factory","isPartOf":{"@id":"https:\/\/ezfactory.nl\/de\/#website"},"datePublished":"2020-01-22T11:23:46+00:00","dateModified":"2024-08-14T14:12:25+00:00","description":"EZ Factory respektiert die Privatsph\u00e4re seiner Kunden und geht bei der Verarbeitung und dem Schutz personenbezogener Daten mit der gebotenen Sorgfalt vor.","breadcrumb":{"@id":"https:\/\/ezfactory.nl\/de\/datenschutzerklaerung\/#breadcrumb"},"inLanguage":"de-DE","potentialAction":[{"@type":"ReadAction","target":["https:\/\/ezfactory.nl\/de\/datenschutzerklaerung\/"]}]},{"@type":"BreadcrumbList","@id":"https:\/\/ezfactory.nl\/de\/datenschutzerklaerung\/#breadcrumb","itemListElement":[{"@type":"ListItem","position":1,"name":"Home","item":"https:\/\/ezfactory.nl\/de\/"},{"@type":"ListItem","position":2,"name":"Datenschutzerkl\u00e4rung"}]},{"@type":"WebSite","@id":"https:\/\/ezfactory.nl\/de\/#website","url":"https:\/\/ezfactory.nl\/de\/","name":"Easy Factory","description":"Digital checklists, tasks, audits &amp; work instructions","publisher":{"@id":"https:\/\/ezfactory.nl\/de\/#organization"},"potentialAction":[{"@type":"SearchAction","target":{"@type":"EntryPoint","urlTemplate":"https:\/\/ezfactory.nl\/de\/?s={search_term_string}"},"query-input":{"@type":"PropertyValueSpecification","valueRequired":true,"valueName":"search_term_string"}}],"inLanguage":"de-DE"},{"@type":"Organization","@id":"https:\/\/ezfactory.nl\/de\/#organization","name":"EZ Factory","url":"https:\/\/ezfactory.nl\/de\/","logo":{"@type":"ImageObject","inLanguage":"de-DE","@id":"https:\/\/ezfactory.nl\/de\/#\/schema\/logo\/image\/","url":"https:\/\/i0.wp.com\/ezfactory.nl\/wp-content\/uploads\/2019\/02\/logo.png?fit=576%2C190&ssl=1","contentUrl":"https:\/\/i0.wp.com\/ezfactory.nl\/wp-content\/uploads\/2019\/02\/logo.png?fit=576%2C190&ssl=1","width":576,"height":190,"caption":"EZ Factory"},"image":{"@id":"https:\/\/ezfactory.nl\/de\/#\/schema\/logo\/image\/"},"sameAs":["https:\/\/www.facebook.com\/EZFactory\/","https:\/\/x.com\/ezfactorynl","https:\/\/www.instagram.com\/ezfactorynl\/","https:\/\/nl.linkedin.com\/company\/ez-factory","https:\/\/www.youtube.com\/channel\/UCaEhfWjdc6tuDn4HzYTF1zQ"]}]}},"jetpack_sharing_enabled":true,"_links":{"self":[{"href":"https:\/\/ezfactory.nl\/de\/wp-json\/wp\/v2\/pages\/5859","targetHints":{"allow":["GET"]}}],"collection":[{"href":"https:\/\/ezfactory.nl\/de\/wp-json\/wp\/v2\/pages"}],"about":[{"href":"https:\/\/ezfactory.nl\/de\/wp-json\/wp\/v2\/types\/page"}],"author":[{"embeddable":true,"href":"https:\/\/ezfactory.nl\/de\/wp-json\/wp\/v2\/users\/19"}],"replies":[{"embeddable":true,"href":"https:\/\/ezfactory.nl\/de\/wp-json\/wp\/v2\/comments?post=5859"}],"version-history":[{"count":15,"href":"https:\/\/ezfactory.nl\/de\/wp-json\/wp\/v2\/pages\/5859\/revisions"}],"predecessor-version":[{"id":17684,"href":"https:\/\/ezfactory.nl\/de\/wp-json\/wp\/v2\/pages\/5859\/revisions\/17684"}],"wp:attachment":[{"href":"https:\/\/ezfactory.nl\/de\/wp-json\/wp\/v2\/media?parent=5859"}],"curies":[{"name":"wp","href":"https:\/\/api.w.org\/{rel}","templated":true}]}}